{"id":2103,"date":"2023-06-06T09:03:37","date_gmt":"2023-06-06T09:03:37","guid":{"rendered":"https:\/\/www.travel2djibouti.com\/?page_id=2103"},"modified":"2023-07-28T05:57:36","modified_gmt":"2023-07-28T05:57:36","slug":"allols","status":"publish","type":"page","link":"https:\/\/www.travel2djibouti.com\/fr\/allols\/","title":{"rendered":"Allols"},"content":{"rendered":"<div data-elementor-type=\"wp-page\" data-elementor-id=\"2103\" class=\"elementor elementor-2103\">\n\t\t\t\t\t\t<section class=\"elementor-section elementor-top-section elementor-element elementor-element-77855cd elementor-section-boxed elementor-section-height-default elementor-section-height-default\" data-id=\"77855cd\" data-element_type=\"section\" data-e-type=\"section\">\n\t\t\t\t\t\t<div class=\"elementor-container elementor-column-gap-default\">\n\t\t\t\t\t<div class=\"elementor-column elementor-col-100 elementor-top-column elementor-element elementor-element-18983b1d\" data-id=\"18983b1d\" data-element_type=\"column\" data-e-type=\"column\">\n\t\t\t<div class=\"elementor-widget-wrap elementor-element-populated\">\n\t\t\t\t\t\t<div class=\"elementor-element elementor-element-772b2b48 elementor-widget elementor-widget-text-editor\" data-id=\"772b2b48\" data-element_type=\"widget\" data-e-type=\"widget\" data-widget_type=\"text-editor.default\">\n\t\t\t\t<div class=\"elementor-widget-container\">\n\t\t\t\t\t\t\t\t\t<strong>D\u00e9couvrez les Allols paysage enchanteurs de Djibouti <\/strong>\r\n\r\nLes allols sont la d\u00e9pression et ses lacs sal\u00e9s situ\u00e9s au nord du lac Assal. Les Allols sont difficiles d'acc\u00e8s et sont aliment\u00e9s en eau de mer par des fractures souterraines. Constitu\u00e9 de vastes \u00e9tendues de sel, le paysage est tr\u00e8s diff\u00e9rent du lac d'Assal : on y trouve de nombreuses sources chaudes, de petits mar\u00e9cages, d'\u00e9troites \u00e9tendues de verdure surprenantes o\u00f9 pousse l'arbre dont on tire le vin de palme : le palmier doum.\n\nNich\u00e9e dans les paysages pittoresques de Djibouti, la r\u00e9gion des Allols est un joyau cach\u00e9 qui attend les voyageurs intr\u00e9pides \u00e0 la recherche d'une exp\u00e9rience unique et inoubliable.\t\t\t\t\t\t\t\t<\/div>\n\t\t\t\t<\/div>\n\t\t\t\t<div class=\"elementor-element elementor-element-75fddc6 elementor-widget elementor-widget-gallery\" data-id=\"75fddc6\" data-element_type=\"widget\" data-e-type=\"widget\" data-settings=\"{&quot;lazyload&quot;:&quot;yes&quot;,&quot;gallery_layout&quot;:&quot;grid&quot;,&quot;columns&quot;:4,&quot;columns_tablet&quot;:2,&quot;columns_mobile&quot;:1,&quot;gap&quot;:{&quot;unit&quot;:&quot;px&quot;,&quot;size&quot;:10,&quot;sizes&quot;:[]},&quot;gap_tablet&quot;:{&quot;unit&quot;:&quot;px&quot;,&quot;size&quot;:10,&quot;sizes&quot;:[]},&quot;gap_mobile&quot;:{&quot;unit&quot;:&quot;px&quot;,&quot;size&quot;:10,&quot;sizes&quot;:[]},&quot;link_to&quot;:&quot;file&quot;,&quot;aspect_ratio&quot;:&quot;3:2&quot;,&quot;overlay_background&quot;:&quot;yes&quot;,&quot;content_hover_animation&quot;:&quot;fade-in&quot;}\" data-widget_type=\"gallery.default\">\n\t\t\t\t<div class=\"elementor-widget-container\">\n\t\t\t\t\t\t\t<div class=\"elementor-gallery__container\">\n\t\t\t\t\t\t\t<a class=\"e-gallery-item elementor-gallery-item elementor-animated-content\" href=\"https:\/\/www.travel2djibouti.com\/wp-content\/uploads\/2023\/06\/allol6.jpeg\" data-elementor-open-lightbox=\"yes\" data-elementor-lightbox-slideshow=\"all-75fddc6\" data-elementor-lightbox-title=\"allol6\" data-e-action-hash=\"#elementor-action%3Aaction%3Dlightbox%26settings%3DeyJpZCI6MjIyNCwidXJsIjoiaHR0cHM6XC9cL3d3dy50cmF2ZWwyZGppYm91dGkuY29tXC93cC1jb250ZW50XC91cGxvYWRzXC8yMDIzXC8wNlwvYWxsb2w2LmpwZWciLCJzbGlkZXNob3ciOiJhbGwtNzVmZGRjNiJ9\">\n\t\t\t\t\t<div class=\"e-gallery-image elementor-gallery-item__image\" data-thumbnail=\"https:\/\/www.travel2djibouti.com\/wp-content\/uploads\/2023\/06\/allol6-300x225.jpeg\" data-width=\"300\" data-height=\"225\" alt=\"\" ><\/div>\n\t\t\t\t\t\t\t\t\t\t\t<div class=\"elementor-gallery-item__overlay\"><\/div>\n\t\t\t\t\t\t\t\t\t\t\t\t\t\t<\/a>\n\t\t\t\t\t\t\t<a class=\"e-gallery-item elementor-gallery-item elementor-animated-content\" href=\"https:\/\/www.travel2djibouti.com\/wp-content\/uploads\/2023\/06\/allol5-1.jpeg\" data-elementor-open-lightbox=\"yes\" data-elementor-lightbox-slideshow=\"all-75fddc6\" data-elementor-lightbox-title=\"allol5\" data-e-action-hash=\"#elementor-action%3Aaction%3Dlightbox%26settings%3DeyJpZCI6MjIyMywidXJsIjoiaHR0cHM6XC9cL3d3dy50cmF2ZWwyZGppYm91dGkuY29tXC93cC1jb250ZW50XC91cGxvYWRzXC8yMDIzXC8wNlwvYWxsb2w1LTEuanBlZyIsInNsaWRlc2hvdyI6ImFsbC03NWZkZGM2In0%3D\">\n\t\t\t\t\t<div class=\"e-gallery-image elementor-gallery-item__image\" data-thumbnail=\"https:\/\/www.travel2djibouti.com\/wp-content\/uploads\/2023\/06\/allol5-1-300x225.jpeg\" data-width=\"300\" data-height=\"225\" alt=\"\" ><\/div>\n\t\t\t\t\t\t\t\t\t\t\t<div class=\"elementor-gallery-item__overlay\"><\/div>\n\t\t\t\t\t\t\t\t\t\t\t\t\t\t<\/a>\n\t\t\t\t\t\t\t<a class=\"e-gallery-item elementor-gallery-item elementor-animated-content\" href=\"https:\/\/www.travel2djibouti.com\/wp-content\/uploads\/2023\/06\/allol4-1.jpeg\" data-elementor-open-lightbox=\"yes\" data-elementor-lightbox-slideshow=\"all-75fddc6\" data-elementor-lightbox-title=\"allol4\" data-e-action-hash=\"#elementor-action%3Aaction%3Dlightbox%26settings%3DeyJpZCI6MjIyMiwidXJsIjoiaHR0cHM6XC9cL3d3dy50cmF2ZWwyZGppYm91dGkuY29tXC93cC1jb250ZW50XC91cGxvYWRzXC8yMDIzXC8wNlwvYWxsb2w0LTEuanBlZyIsInNsaWRlc2hvdyI6ImFsbC03NWZkZGM2In0%3D\">\n\t\t\t\t\t<div class=\"e-gallery-image elementor-gallery-item__image\" data-thumbnail=\"https:\/\/www.travel2djibouti.com\/wp-content\/uploads\/2023\/06\/allol4-1-300x225.jpeg\" data-width=\"300\" data-height=\"225\" alt=\"\" ><\/div>\n\t\t\t\t\t\t\t\t\t\t\t<div class=\"elementor-gallery-item__overlay\"><\/div>\n\t\t\t\t\t\t\t\t\t\t\t\t\t\t<\/a>\n\t\t\t\t\t\t\t<a class=\"e-gallery-item elementor-gallery-item elementor-animated-content\" href=\"https:\/\/www.travel2djibouti.com\/wp-content\/uploads\/2023\/06\/allol3-1.jpeg\" data-elementor-open-lightbox=\"yes\" data-elementor-lightbox-slideshow=\"all-75fddc6\" data-elementor-lightbox-title=\"allol3\" data-e-action-hash=\"#elementor-action%3Aaction%3Dlightbox%26settings%3DeyJpZCI6MjIyMSwidXJsIjoiaHR0cHM6XC9cL3d3dy50cmF2ZWwyZGppYm91dGkuY29tXC93cC1jb250ZW50XC91cGxvYWRzXC8yMDIzXC8wNlwvYWxsb2wzLTEuanBlZyIsInNsaWRlc2hvdyI6ImFsbC03NWZkZGM2In0%3D\">\n\t\t\t\t\t<div class=\"e-gallery-image elementor-gallery-item__image\" data-thumbnail=\"https:\/\/www.travel2djibouti.com\/wp-content\/uploads\/2023\/06\/allol3-1-300x225.jpeg\" data-width=\"300\" data-height=\"225\" alt=\"\" ><\/div>\n\t\t\t\t\t\t\t\t\t\t\t<div class=\"elementor-gallery-item__overlay\"><\/div>\n\t\t\t\t\t\t\t\t\t\t\t\t\t\t<\/a>\n\t\t\t\t\t\t\t<a class=\"e-gallery-item elementor-gallery-item elementor-animated-content\" href=\"https:\/\/www.travel2djibouti.com\/wp-content\/uploads\/2023\/06\/allol2-1.jpeg\" data-elementor-open-lightbox=\"yes\" data-elementor-lightbox-slideshow=\"all-75fddc6\" data-elementor-lightbox-title=\"allol2\" data-e-action-hash=\"#elementor-action%3Aaction%3Dlightbox%26settings%3DeyJpZCI6MjIyMCwidXJsIjoiaHR0cHM6XC9cL3d3dy50cmF2ZWwyZGppYm91dGkuY29tXC93cC1jb250ZW50XC91cGxvYWRzXC8yMDIzXC8wNlwvYWxsb2wyLTEuanBlZyIsInNsaWRlc2hvdyI6ImFsbC03NWZkZGM2In0%3D\">\n\t\t\t\t\t<div class=\"e-gallery-image elementor-gallery-item__image\" data-thumbnail=\"https:\/\/www.travel2djibouti.com\/wp-content\/uploads\/2023\/06\/allol2-1-300x169.jpeg\" data-width=\"300\" data-height=\"169\" alt=\"\" ><\/div>\n\t\t\t\t\t\t\t\t\t\t\t<div class=\"elementor-gallery-item__overlay\"><\/div>\n\t\t\t\t\t\t\t\t\t\t\t\t\t\t<\/a>\n\t\t\t\t\t\t\t<a class=\"e-gallery-item elementor-gallery-item elementor-animated-content\" href=\"https:\/\/www.travel2djibouti.com\/wp-content\/uploads\/2023\/06\/allol1-1.jpeg\" data-elementor-open-lightbox=\"yes\" data-elementor-lightbox-slideshow=\"all-75fddc6\" data-elementor-lightbox-title=\"allol1\" data-e-action-hash=\"#elementor-action%3Aaction%3Dlightbox%26settings%3DeyJpZCI6MjIxOSwidXJsIjoiaHR0cHM6XC9cL3d3dy50cmF2ZWwyZGppYm91dGkuY29tXC93cC1jb250ZW50XC91cGxvYWRzXC8yMDIzXC8wNlwvYWxsb2wxLTEuanBlZyIsInNsaWRlc2hvdyI6ImFsbC03NWZkZGM2In0%3D\">\n\t\t\t\t\t<div class=\"e-gallery-image elementor-gallery-item__image\" data-thumbnail=\"https:\/\/www.travel2djibouti.com\/wp-content\/uploads\/2023\/06\/allol1-1-225x300.jpeg\" data-width=\"225\" data-height=\"300\" alt=\"\" ><\/div>\n\t\t\t\t\t\t\t\t\t\t\t<div class=\"elementor-gallery-item__overlay\"><\/div>\n\t\t\t\t\t\t\t\t\t\t\t\t\t\t<\/a>\n\t\t\t\t\t\t\t<a class=\"e-gallery-item elementor-gallery-item elementor-animated-content\" href=\"https:\/\/www.travel2djibouti.com\/wp-content\/uploads\/2023\/06\/allol-1.jpeg\" data-elementor-open-lightbox=\"yes\" data-elementor-lightbox-slideshow=\"all-75fddc6\" data-elementor-lightbox-title=\"allol\" data-e-action-hash=\"#elementor-action%3Aaction%3Dlightbox%26settings%3DeyJpZCI6MjIxOCwidXJsIjoiaHR0cHM6XC9cL3d3dy50cmF2ZWwyZGppYm91dGkuY29tXC93cC1jb250ZW50XC91cGxvYWRzXC8yMDIzXC8wNlwvYWxsb2wtMS5qcGVnIiwic2xpZGVzaG93IjoiYWxsLTc1ZmRkYzYifQ%3D%3D\">\n\t\t\t\t\t<div class=\"e-gallery-image elementor-gallery-item__image\" data-thumbnail=\"https:\/\/www.travel2djibouti.com\/wp-content\/uploads\/2023\/06\/allol-1-300x169.jpeg\" data-width=\"300\" data-height=\"169\" alt=\"\" ><\/div>\n\t\t\t\t\t\t\t\t\t\t\t<div class=\"elementor-gallery-item__overlay\"><\/div>\n\t\t\t\t\t\t\t\t\t\t\t\t\t\t<\/a>\n\t\t\t\t\t\t\t<a class=\"e-gallery-item elementor-gallery-item elementor-animated-content\" href=\"https:\/\/www.travel2djibouti.com\/wp-content\/uploads\/2023\/06\/allol5.jpeg\" data-elementor-open-lightbox=\"yes\" data-elementor-lightbox-slideshow=\"all-75fddc6\" data-elementor-lightbox-title=\"allol5\" data-e-action-hash=\"#elementor-action%3Aaction%3Dlightbox%26settings%3DeyJpZCI6MjIwMCwidXJsIjoiaHR0cHM6XC9cL3d3dy50cmF2ZWwyZGppYm91dGkuY29tXC93cC1jb250ZW50XC91cGxvYWRzXC8yMDIzXC8wNlwvYWxsb2w1LmpwZWciLCJzbGlkZXNob3ciOiJhbGwtNzVmZGRjNiJ9\">\n\t\t\t\t\t<div class=\"e-gallery-image elementor-gallery-item__image\" data-thumbnail=\"https:\/\/www.travel2djibouti.com\/wp-content\/uploads\/2023\/06\/allol5-300x225.jpeg\" data-width=\"300\" data-height=\"225\" alt=\"\" ><\/div>\n\t\t\t\t\t\t\t\t\t\t\t<div class=\"elementor-gallery-item__overlay\"><\/div>\n\t\t\t\t\t\t\t\t\t\t\t\t\t\t<\/a>\n\t\t\t\t\t<\/div>\n\t\t\t\t\t<\/div>\n\t\t\t\t<\/div>\n\t\t\t\t\t<\/div>\n\t\t<\/div>\n\t\t\t\t\t<\/div>\n\t\t<\/section>\n\t\t\t\t<\/div>","protected":false},"excerpt":{"rendered":"<p>Discover the Enchanting Allols in Djibouti The allols are the depression and its salt lakes located in the north of Lake Assal. The Allols are difficult to access and are supplied with seawater by underground fractures. Made up of vast expanses of salt, the landscape is very different from lake assal : there are many<\/p>","protected":false},"author":1,"featured_media":0,"parent":0,"menu_order":0,"comment_status":"closed","ping_status":"closed","template":"","meta":{"_acf_changed":false,"dwc-title":[],"dwc-content":[],"inline_featured_image":false,"_monsterinsights_skip_tracking":false,"_monsterinsights_sitenote_active":false,"_monsterinsights_sitenote_note":"","_monsterinsights_sitenote_category":0,"footnotes":""},"class_list":["post-2103","page","type-page","status-publish","hentry"],"acf":[],"yoast_head":"<!-- This site is optimized with the Yoast SEO plugin v27.2 - https:\/\/yoast.com\/product\/yoast-seo-wordpress\/ -->\n<title>Allols - Massigo Travel - Djibouti Tour Packages<\/title>\n<meta name=\"robots\" content=\"index, follow, max-snippet:-1, max-image-preview:large, max-video-preview:-1\" \/>\n<link rel=\"canonical\" href=\"https:\/\/www.travel2djibouti.com\/fr\/allols\/\" \/>\n<meta property=\"og:locale\" content=\"fr_FR\" \/>\n<meta property=\"og:type\" content=\"article\" \/>\n<meta property=\"og:title\" content=\"Allols - Massigo Travel - Djibouti Tour Packages\" \/>\n<meta property=\"og:description\" content=\"Discover the Enchanting Allols in Djibouti The allols are the depression and its salt lakes located in the north of Lake Assal. The Allols are difficult to access and are supplied with seawater by underground fractures. Made up of vast expanses of salt, the landscape is very different from lake assal : there are many\" \/>\n<meta property=\"og:url\" content=\"https:\/\/www.travel2djibouti.com\/fr\/allols\/\" \/>\n<meta property=\"og:site_name\" content=\"Massigo Travel\" \/>\n<meta property=\"article:modified_time\" content=\"2023-07-28T05:57:36+00:00\" \/>\n<meta name=\"twitter:card\" content=\"summary_large_image\" \/>\n<meta name=\"twitter:label1\" content=\"Dur\u00e9e de lecture estim\u00e9e\" \/>\n\t<meta name=\"twitter:data1\" content=\"1 minute\" \/>\n<script type=\"application\/ld+json\" class=\"yoast-schema-graph\">{\"@context\":\"https:\/\/schema.org\",\"@graph\":[{\"@type\":\"WebPage\",\"@id\":\"https:\/\/www.travel2djibouti.com\/allols\/\",\"url\":\"https:\/\/www.travel2djibouti.com\/allols\/\",\"name\":\"Allols - Massigo Travel - Djibouti Tour Packages\",\"isPartOf\":{\"@id\":\"https:\/\/www.travel2djibouti.com\/#website\"},\"datePublished\":\"2023-06-06T09:03:37+00:00\",\"dateModified\":\"2023-07-28T05:57:36+00:00\",\"inLanguage\":\"fr-FR\",\"potentialAction\":[{\"@type\":\"ReadAction\",\"target\":[\"https:\/\/www.travel2djibouti.com\/allols\/\"]}]},{\"@type\":\"WebSite\",\"@id\":\"https:\/\/www.travel2djibouti.com\/#website\",\"url\":\"https:\/\/www.travel2djibouti.com\/\",\"name\":\"Massigo Travel\",\"description\":\"Best Tour \/Excursions Operator in Djibouti\",\"publisher\":{\"@id\":\"https:\/\/www.travel2djibouti.com\/#organization\"},\"potentialAction\":[{\"@type\":\"SearchAction\",\"target\":{\"@type\":\"EntryPoint\",\"urlTemplate\":\"https:\/\/www.travel2djibouti.com\/?s={search_term_string}\"},\"query-input\":{\"@type\":\"PropertyValueSpecification\",\"valueRequired\":true,\"valueName\":\"search_term_string\"}}],\"inLanguage\":\"fr-FR\"},{\"@type\":\"Organization\",\"@id\":\"https:\/\/www.travel2djibouti.com\/#organization\",\"name\":\"Massigo Travel\",\"url\":\"https:\/\/www.travel2djibouti.com\/\",\"logo\":{\"@type\":\"ImageObject\",\"inLanguage\":\"fr-FR\",\"@id\":\"https:\/\/www.travel2djibouti.com\/#\/schema\/logo\/image\/\",\"url\":\"https:\/\/www.travel2djibouti.com\/wp-content\/uploads\/2023\/06\/Massigo-Travel-Logo.png\",\"contentUrl\":\"https:\/\/www.travel2djibouti.com\/wp-content\/uploads\/2023\/06\/Massigo-Travel-Logo.png\",\"width\":308,\"height\":60,\"caption\":\"Massigo Travel\"},\"image\":{\"@id\":\"https:\/\/www.travel2djibouti.com\/#\/schema\/logo\/image\/\"}}]}<\/script>\n<!-- \/ Yoast SEO plugin. -->","yoast_head_json":{"title":"Allols - Massigo Travel - Djibouti Tour Packages","robots":{"index":"index","follow":"follow","max-snippet":"max-snippet:-1","max-image-preview":"max-image-preview:large","max-video-preview":"max-video-preview:-1"},"canonical":"https:\/\/www.travel2djibouti.com\/fr\/allols\/","og_locale":"fr_FR","og_type":"article","og_title":"Allols - Massigo Travel - Djibouti Tour Packages","og_description":"Discover the Enchanting Allols in Djibouti The allols are the depression and its salt lakes located in the north of Lake Assal. The Allols are difficult to access and are supplied with seawater by underground fractures. Made up of vast expanses of salt, the landscape is very different from lake assal : there are many","og_url":"https:\/\/www.travel2djibouti.com\/fr\/allols\/","og_site_name":"Massigo Travel","article_modified_time":"2023-07-28T05:57:36+00:00","twitter_card":"summary_large_image","twitter_misc":{"Dur\u00e9e de lecture estim\u00e9e":"1 minute"},"schema":{"@context":"https:\/\/schema.org","@graph":[{"@type":"WebPage","@id":"https:\/\/www.travel2djibouti.com\/allols\/","url":"https:\/\/www.travel2djibouti.com\/allols\/","name":"Allols - Massigo Travel - Djibouti Tour Packages","isPartOf":{"@id":"https:\/\/www.travel2djibouti.com\/#website"},"datePublished":"2023-06-06T09:03:37+00:00","dateModified":"2023-07-28T05:57:36+00:00","inLanguage":"fr-FR","potentialAction":[{"@type":"ReadAction","target":["https:\/\/www.travel2djibouti.com\/allols\/"]}]},{"@type":"WebSite","@id":"https:\/\/www.travel2djibouti.com\/#website","url":"https:\/\/www.travel2djibouti.com\/","name":"Massigo Travel","description":"Best Tour \/Excursions Operator in Djibouti","publisher":{"@id":"https:\/\/www.travel2djibouti.com\/#organization"},"potentialAction":[{"@type":"SearchAction","target":{"@type":"EntryPoint","urlTemplate":"https:\/\/www.travel2djibouti.com\/?s={search_term_string}"},"query-input":{"@type":"PropertyValueSpecification","valueRequired":true,"valueName":"search_term_string"}}],"inLanguage":"fr-FR"},{"@type":"Organization","@id":"https:\/\/www.travel2djibouti.com\/#organization","name":"Massigo Travel","url":"https:\/\/www.travel2djibouti.com\/","logo":{"@type":"ImageObject","inLanguage":"fr-FR","@id":"https:\/\/www.travel2djibouti.com\/#\/schema\/logo\/image\/","url":"https:\/\/www.travel2djibouti.com\/wp-content\/uploads\/2023\/06\/Massigo-Travel-Logo.png","contentUrl":"https:\/\/www.travel2djibouti.com\/wp-content\/uploads\/2023\/06\/Massigo-Travel-Logo.png","width":308,"height":60,"caption":"Massigo Travel"},"image":{"@id":"https:\/\/www.travel2djibouti.com\/#\/schema\/logo\/image\/"}}]}},"_links":{"self":[{"href":"https:\/\/www.travel2djibouti.com\/fr\/wp-json\/wp\/v2\/pages\/2103","targetHints":{"allow":["GET"]}}],"collection":[{"href":"https:\/\/www.travel2djibouti.com\/fr\/wp-json\/wp\/v2\/pages"}],"about":[{"href":"https:\/\/www.travel2djibouti.com\/fr\/wp-json\/wp\/v2\/types\/page"}],"author":[{"embeddable":true,"href":"https:\/\/www.travel2djibouti.com\/fr\/wp-json\/wp\/v2\/users\/1"}],"replies":[{"embeddable":true,"href":"https:\/\/www.travel2djibouti.com\/fr\/wp-json\/wp\/v2\/comments?post=2103"}],"version-history":[{"count":0,"href":"https:\/\/www.travel2djibouti.com\/fr\/wp-json\/wp\/v2\/pages\/2103\/revisions"}],"wp:attachment":[{"href":"https:\/\/www.travel2djibouti.com\/fr\/wp-json\/wp\/v2\/media?parent=2103"}],"curies":[{"name":"wp","href":"https:\/\/api.w.org\/{rel}","templated":true}]}}