{"id":2102,"date":"2023-06-06T09:02:23","date_gmt":"2023-06-06T09:02:23","guid":{"rendered":"https:\/\/www.travel2djibouti.com\/?page_id=2102"},"modified":"2023-07-28T05:56:52","modified_gmt":"2023-07-28T05:56:52","slug":"goda-mountains-day-dithilou-and-bankoualeh","status":"publish","type":"page","link":"https:\/\/www.travel2djibouti.com\/fr\/goda-mountains-day-dithilou-and-bankoualeh\/","title":{"rendered":"Le mont GODA : DAY\/ DITHILOU &amp; BANKOUALEH"},"content":{"rendered":"<div data-elementor-type=\"wp-page\" data-elementor-id=\"2102\" class=\"elementor elementor-2102\">\n\t\t\t\t\t\t<section class=\"elementor-section elementor-top-section elementor-element elementor-element-e11483a elementor-section-boxed elementor-section-height-default elementor-section-height-default\" data-id=\"e11483a\" data-element_type=\"section\" data-e-type=\"section\">\n\t\t\t\t\t\t<div class=\"elementor-container elementor-column-gap-default\">\n\t\t\t\t\t<div class=\"elementor-column elementor-col-100 elementor-top-column elementor-element elementor-element-58d37a0e\" data-id=\"58d37a0e\" data-element_type=\"column\" data-e-type=\"column\">\n\t\t\t<div class=\"elementor-widget-wrap elementor-element-populated\">\n\t\t\t\t\t\t<div class=\"elementor-element elementor-element-2e850fbb elementor-widget elementor-widget-text-editor\" data-id=\"2e850fbb\" data-element_type=\"widget\" data-e-type=\"widget\" data-widget_type=\"text-editor.default\">\n\t\t\t\t<div class=\"elementor-widget-container\">\n\t\t\t\t\t\t\t\t\t<strong>Explorez les majestueuses montagnes GODA <\/strong>\r\n\r\nNich\u00e9es au c\u0153ur de Djibouti, les montagnes GODA englobant Day, Dithilou et Bankoualeh, sont de magnifiques merveilles naturelles qui attirent les \u00e2mes aventureuses. Offrant une combinaison unique de paysages accident\u00e9s, de falaises spectaculaires et de panoramas \u00e0 couper le souffle, les montagnes GODA sont une destination incontournable pour les amoureux de la nature et les explorateurs.\n\nLe PARC NATIONAL de la for\u00eat du DAY est situ\u00e9 \u00e0 30 km \u00e0 l'ouest du golf de Tadjourah. Il englobe le massif de GODA dont le sommet se situe \u00e0 1.782m d'altitude. Elle comprend le reste d'une for\u00eat primaire, celle de Day, vestige de la v\u00e9g\u00e9tation saharienne  d'il y a quelques milliers d'ann\u00e9es (acacias g\u00e9ants, gen\u00e9vriers, oliviers sauvages, jujubiers, etc.). \u2026comprenant \u00e9galement le vestige d'une for\u00eat primaire.\n\nLa for\u00eat du Day pr\u00e9sente \u00e9galement une faune unique et exceptionnelle. Un certain nombre d'oiseaux end\u00e9miques existent dans ces lieux, notamment le francolin de Djibouti (FRANCOLIN OCHROPECTUS), pour ceux d'entre nous qui aiment contempler, nous voici devant un panorama qui nous ram\u00e8ne \u00e0 l'essentiel.\n\nLa visite de la for\u00eat de Day est \u00e9galement associ\u00e9e \u00e0 une randonn\u00e9e vers les camps de Dithilou et Bankoualeh r\u00e9put\u00e9s pour leurs cascades.\r\n\r\n<strong>Day et Dithilou : l\u00e0 o\u00f9 la nature d\u00e9ploie sa grandeur<\/strong>\r\n\r\nDay et Dithilou, deux sommets pro\u00e9minents dans les montagnes GODA, offrent des panoramas impressionnants qui vous laisseront envo\u00fbt\u00e9s. En gravissant ces montagnes escarp\u00e9es, vous serez r\u00e9compens\u00e9 par des vues panoramiques sur les paysages environnants, parsem\u00e9s de vall\u00e9es verdoyantes et de falaises abruptes. Les sentiers qui serpentent \u00e0 travers Day et Dithilou offrent des opportunit\u00e9s passionnantes de randonn\u00e9e et de trekking, vous permettant de vous immerger dans la beaut\u00e9 brute de la nature sauvage de Djibouti. Chaque \u00e9tape r\u00e9v\u00e8le de nouvelles merveilles, des cascades en cascade aux grottes cach\u00e9es, offrant une aventure inoubliable aux amateurs de plein air.\t\t\t\t\t\t\t\t<\/div>\n\t\t\t\t<\/div>\n\t\t\t\t<div class=\"elementor-element elementor-element-8a6e4df elementor-widget elementor-widget-gallery\" data-id=\"8a6e4df\" data-element_type=\"widget\" data-e-type=\"widget\" data-settings=\"{&quot;lazyload&quot;:&quot;yes&quot;,&quot;gallery_layout&quot;:&quot;grid&quot;,&quot;columns&quot;:4,&quot;columns_tablet&quot;:2,&quot;columns_mobile&quot;:1,&quot;gap&quot;:{&quot;unit&quot;:&quot;px&quot;,&quot;size&quot;:10,&quot;sizes&quot;:[]},&quot;gap_tablet&quot;:{&quot;unit&quot;:&quot;px&quot;,&quot;size&quot;:10,&quot;sizes&quot;:[]},&quot;gap_mobile&quot;:{&quot;unit&quot;:&quot;px&quot;,&quot;size&quot;:10,&quot;sizes&quot;:[]},&quot;link_to&quot;:&quot;file&quot;,&quot;aspect_ratio&quot;:&quot;3:2&quot;,&quot;overlay_background&quot;:&quot;yes&quot;,&quot;content_hover_animation&quot;:&quot;fade-in&quot;}\" data-widget_type=\"gallery.default\">\n\t\t\t\t<div class=\"elementor-widget-container\">\n\t\t\t\t\t\t\t<div class=\"elementor-gallery__container\">\n\t\t\t\t\t\t\t<a class=\"e-gallery-item elementor-gallery-item elementor-animated-content\" href=\"https:\/\/www.travel2djibouti.com\/wp-content\/uploads\/2023\/06\/the-view-of-the-valley-of-the-DAY-forest-scaled.jpg\" data-elementor-open-lightbox=\"yes\" data-elementor-lightbox-slideshow=\"all-8a6e4df\" data-elementor-lightbox-title=\"For\u00eat du Day\" data-e-action-hash=\"#elementor-action%3Aaction%3Dlightbox%26settings%3DeyJpZCI6MjMwMSwidXJsIjoiaHR0cHM6XC9cL3d3dy50cmF2ZWwyZGppYm91dGkuY29tXC93cC1jb250ZW50XC91cGxvYWRzXC8yMDIzXC8wNlwvdGhlLXZpZXctb2YtdGhlLXZhbGxleS1vZi10aGUtREFZLWZvcmVzdC1zY2FsZWQuanBnIiwic2xpZGVzaG93IjoiYWxsLThhNmU0ZGYifQ%3D%3D\">\n\t\t\t\t\t<div class=\"e-gallery-image elementor-gallery-item__image\" data-thumbnail=\"https:\/\/www.travel2djibouti.com\/wp-content\/uploads\/2023\/06\/the-view-of-the-valley-of-the-DAY-forest-300x201.jpg\" data-width=\"300\" data-height=\"201\" alt=\"\" ><\/div>\n\t\t\t\t\t\t\t\t\t\t\t<div class=\"elementor-gallery-item__overlay\"><\/div>\n\t\t\t\t\t\t\t\t\t\t\t\t\t\t<\/a>\n\t\t\t\t\t\t\t<a class=\"e-gallery-item elementor-gallery-item elementor-animated-content\" href=\"https:\/\/www.travel2djibouti.com\/wp-content\/uploads\/2023\/06\/day-forestt.jpeg\" data-elementor-open-lightbox=\"yes\" data-elementor-lightbox-slideshow=\"all-8a6e4df\" data-elementor-lightbox-title=\"day forestt\" data-e-action-hash=\"#elementor-action%3Aaction%3Dlightbox%26settings%3DeyJpZCI6MjIzNiwidXJsIjoiaHR0cHM6XC9cL3d3dy50cmF2ZWwyZGppYm91dGkuY29tXC93cC1jb250ZW50XC91cGxvYWRzXC8yMDIzXC8wNlwvZGF5LWZvcmVzdHQuanBlZyIsInNsaWRlc2hvdyI6ImFsbC04YTZlNGRmIn0%3D\">\n\t\t\t\t\t<div class=\"e-gallery-image elementor-gallery-item__image\" data-thumbnail=\"https:\/\/www.travel2djibouti.com\/wp-content\/uploads\/2023\/06\/day-forestt-225x300.jpeg\" data-width=\"225\" data-height=\"300\" alt=\"\" ><\/div>\n\t\t\t\t\t\t\t\t\t\t\t<div class=\"elementor-gallery-item__overlay\"><\/div>\n\t\t\t\t\t\t\t\t\t\t\t\t\t\t<\/a>\n\t\t\t\t\t\t\t<a class=\"e-gallery-item elementor-gallery-item elementor-animated-content\" href=\"https:\/\/www.travel2djibouti.com\/wp-content\/uploads\/2023\/06\/day-forest5.jpeg\" data-elementor-open-lightbox=\"yes\" data-elementor-lightbox-slideshow=\"all-8a6e4df\" data-elementor-lightbox-title=\"day forest5\" data-e-action-hash=\"#elementor-action%3Aaction%3Dlightbox%26settings%3DeyJpZCI6MjIzNCwidXJsIjoiaHR0cHM6XC9cL3d3dy50cmF2ZWwyZGppYm91dGkuY29tXC93cC1jb250ZW50XC91cGxvYWRzXC8yMDIzXC8wNlwvZGF5LWZvcmVzdDUuanBlZyIsInNsaWRlc2hvdyI6ImFsbC04YTZlNGRmIn0%3D\">\n\t\t\t\t\t<div class=\"e-gallery-image elementor-gallery-item__image\" data-thumbnail=\"https:\/\/www.travel2djibouti.com\/wp-content\/uploads\/2023\/06\/day-forest5-300x225.jpeg\" data-width=\"300\" data-height=\"225\" alt=\"\" ><\/div>\n\t\t\t\t\t\t\t\t\t\t\t<div class=\"elementor-gallery-item__overlay\"><\/div>\n\t\t\t\t\t\t\t\t\t\t\t\t\t\t<\/a>\n\t\t\t\t\t\t\t<a class=\"e-gallery-item elementor-gallery-item elementor-animated-content\" href=\"https:\/\/www.travel2djibouti.com\/wp-content\/uploads\/2023\/06\/day-forest-1.jpeg\" data-elementor-open-lightbox=\"yes\" data-elementor-lightbox-slideshow=\"all-8a6e4df\" data-elementor-lightbox-title=\"day forest 1\" data-e-action-hash=\"#elementor-action%3Aaction%3Dlightbox%26settings%3DeyJpZCI6MjIyOSwidXJsIjoiaHR0cHM6XC9cL3d3dy50cmF2ZWwyZGppYm91dGkuY29tXC93cC1jb250ZW50XC91cGxvYWRzXC8yMDIzXC8wNlwvZGF5LWZvcmVzdC0xLmpwZWciLCJzbGlkZXNob3ciOiJhbGwtOGE2ZTRkZiJ9\">\n\t\t\t\t\t<div class=\"e-gallery-image elementor-gallery-item__image\" data-thumbnail=\"https:\/\/www.travel2djibouti.com\/wp-content\/uploads\/2023\/06\/day-forest-1-225x300.jpeg\" data-width=\"225\" data-height=\"300\" alt=\"\" ><\/div>\n\t\t\t\t\t\t\t\t\t\t\t<div class=\"elementor-gallery-item__overlay\"><\/div>\n\t\t\t\t\t\t\t\t\t\t\t\t\t\t<\/a>\n\t\t\t\t\t\t\t<a class=\"e-gallery-item elementor-gallery-item elementor-animated-content\" href=\"https:\/\/www.travel2djibouti.com\/wp-content\/uploads\/2023\/06\/day-forest.jpeg\" data-elementor-open-lightbox=\"yes\" data-elementor-lightbox-slideshow=\"all-8a6e4df\" data-elementor-lightbox-title=\"day forest\" data-e-action-hash=\"#elementor-action%3Aaction%3Dlightbox%26settings%3DeyJpZCI6MjIzMCwidXJsIjoiaHR0cHM6XC9cL3d3dy50cmF2ZWwyZGppYm91dGkuY29tXC93cC1jb250ZW50XC91cGxvYWRzXC8yMDIzXC8wNlwvZGF5LWZvcmVzdC5qcGVnIiwic2xpZGVzaG93IjoiYWxsLThhNmU0ZGYifQ%3D%3D\">\n\t\t\t\t\t<div class=\"e-gallery-image elementor-gallery-item__image\" data-thumbnail=\"https:\/\/www.travel2djibouti.com\/wp-content\/uploads\/2023\/06\/day-forest-300x225.jpeg\" data-width=\"300\" data-height=\"225\" alt=\"\" ><\/div>\n\t\t\t\t\t\t\t\t\t\t\t<div class=\"elementor-gallery-item__overlay\"><\/div>\n\t\t\t\t\t\t\t\t\t\t\t\t\t\t<\/a>\n\t\t\t\t\t\t\t<a class=\"e-gallery-item elementor-gallery-item elementor-animated-content\" href=\"https:\/\/www.travel2djibouti.com\/wp-content\/uploads\/2023\/06\/day-forest2.jpeg\" data-elementor-open-lightbox=\"yes\" data-elementor-lightbox-slideshow=\"all-8a6e4df\" data-elementor-lightbox-title=\"day forest2\" data-e-action-hash=\"#elementor-action%3Aaction%3Dlightbox%26settings%3DeyJpZCI6MjIzMSwidXJsIjoiaHR0cHM6XC9cL3d3dy50cmF2ZWwyZGppYm91dGkuY29tXC93cC1jb250ZW50XC91cGxvYWRzXC8yMDIzXC8wNlwvZGF5LWZvcmVzdDIuanBlZyIsInNsaWRlc2hvdyI6ImFsbC04YTZlNGRmIn0%3D\">\n\t\t\t\t\t<div class=\"e-gallery-image elementor-gallery-item__image\" data-thumbnail=\"https:\/\/www.travel2djibouti.com\/wp-content\/uploads\/2023\/06\/day-forest2-300x225.jpeg\" data-width=\"300\" data-height=\"225\" alt=\"\" ><\/div>\n\t\t\t\t\t\t\t\t\t\t\t<div class=\"elementor-gallery-item__overlay\"><\/div>\n\t\t\t\t\t\t\t\t\t\t\t\t\t\t<\/a>\n\t\t\t\t\t\t\t<a class=\"e-gallery-item elementor-gallery-item elementor-animated-content\" href=\"https:\/\/www.travel2djibouti.com\/wp-content\/uploads\/2023\/06\/day-forest3.jpeg\" data-elementor-open-lightbox=\"yes\" data-elementor-lightbox-slideshow=\"all-8a6e4df\" data-elementor-lightbox-title=\"day forest3\" data-e-action-hash=\"#elementor-action%3Aaction%3Dlightbox%26settings%3DeyJpZCI6MjIzMiwidXJsIjoiaHR0cHM6XC9cL3d3dy50cmF2ZWwyZGppYm91dGkuY29tXC93cC1jb250ZW50XC91cGxvYWRzXC8yMDIzXC8wNlwvZGF5LWZvcmVzdDMuanBlZyIsInNsaWRlc2hvdyI6ImFsbC04YTZlNGRmIn0%3D\">\n\t\t\t\t\t<div class=\"e-gallery-image elementor-gallery-item__image\" data-thumbnail=\"https:\/\/www.travel2djibouti.com\/wp-content\/uploads\/2023\/06\/day-forest3-300x169.jpeg\" data-width=\"300\" data-height=\"169\" alt=\"\" ><\/div>\n\t\t\t\t\t\t\t\t\t\t\t<div class=\"elementor-gallery-item__overlay\"><\/div>\n\t\t\t\t\t\t\t\t\t\t\t\t\t\t<\/a>\n\t\t\t\t\t\t\t<a class=\"e-gallery-item elementor-gallery-item elementor-animated-content\" href=\"https:\/\/www.travel2djibouti.com\/wp-content\/uploads\/2023\/06\/DOM4055-scaled.jpg\" data-elementor-open-lightbox=\"yes\" data-elementor-lightbox-slideshow=\"all-8a6e4df\" data-elementor-lightbox-title=\"Camp du Day\" data-e-action-hash=\"#elementor-action%3Aaction%3Dlightbox%26settings%3DeyJpZCI6MjE5MSwidXJsIjoiaHR0cHM6XC9cL3d3dy50cmF2ZWwyZGppYm91dGkuY29tXC93cC1jb250ZW50XC91cGxvYWRzXC8yMDIzXC8wNlwvRE9NNDA1NS1zY2FsZWQuanBnIiwic2xpZGVzaG93IjoiYWxsLThhNmU0ZGYifQ%3D%3D\">\n\t\t\t\t\t<div class=\"e-gallery-image elementor-gallery-item__image\" data-thumbnail=\"https:\/\/www.travel2djibouti.com\/wp-content\/uploads\/2023\/06\/DOM4055-300x201.jpg\" data-width=\"300\" data-height=\"201\" alt=\"\" ><\/div>\n\t\t\t\t\t\t\t\t\t\t\t<div class=\"elementor-gallery-item__overlay\"><\/div>\n\t\t\t\t\t\t\t\t\t\t\t\t\t\t<\/a>\n\t\t\t\t\t\t\t<a class=\"e-gallery-item elementor-gallery-item elementor-animated-content\" href=\"https:\/\/www.travel2djibouti.com\/wp-content\/uploads\/2023\/06\/DOM4055-1-scaled.jpg\" data-elementor-open-lightbox=\"yes\" data-elementor-lightbox-slideshow=\"all-8a6e4df\" data-elementor-lightbox-title=\"Camp du Day\" data-e-action-hash=\"#elementor-action%3Aaction%3Dlightbox%26settings%3DeyJpZCI6MjIxNCwidXJsIjoiaHR0cHM6XC9cL3d3dy50cmF2ZWwyZGppYm91dGkuY29tXC93cC1jb250ZW50XC91cGxvYWRzXC8yMDIzXC8wNlwvRE9NNDA1NS0xLXNjYWxlZC5qcGciLCJzbGlkZXNob3ciOiJhbGwtOGE2ZTRkZiJ9\">\n\t\t\t\t\t<div class=\"e-gallery-image elementor-gallery-item__image\" data-thumbnail=\"https:\/\/www.travel2djibouti.com\/wp-content\/uploads\/2023\/06\/DOM4055-1-300x201.jpg\" data-width=\"300\" data-height=\"201\" alt=\"\" ><\/div>\n\t\t\t\t\t\t\t\t\t\t\t<div class=\"elementor-gallery-item__overlay\"><\/div>\n\t\t\t\t\t\t\t\t\t\t\t\t\t\t<\/a>\n\t\t\t\t\t<\/div>\n\t\t\t\t\t<\/div>\n\t\t\t\t<\/div>\n\t\t\t\t\t<\/div>\n\t\t<\/div>\n\t\t\t\t\t<\/div>\n\t\t<\/section>\n\t\t\t\t<\/div>","protected":false},"excerpt":{"rendered":"<p>Explore the Majestic GODA Mountains Nestled in the heart of Djibouti, the GODA Mountains, and encompassing Day, Dithilou, and Bankoualeh, stand as magnificent natural wonders that beckon adventurous souls. Offering a unique combination of rugged landscapes, dramatic cliffs, and breathtaking vistas, the GODA Mountains are a must-visit destination for nature enthusiasts and explorers alike. The<\/p>","protected":false},"author":1,"featured_media":0,"parent":0,"menu_order":0,"comment_status":"closed","ping_status":"closed","template":"","meta":{"_acf_changed":false,"dwc-title":[],"dwc-content":[],"inline_featured_image":false,"_monsterinsights_skip_tracking":false,"_monsterinsights_sitenote_active":false,"_monsterinsights_sitenote_note":"","_monsterinsights_sitenote_category":0,"footnotes":""},"class_list":["post-2102","page","type-page","status-publish","hentry"],"acf":[],"yoast_head":"<!-- This site is optimized with the Yoast SEO plugin v27.2 - https:\/\/yoast.com\/product\/yoast-seo-wordpress\/ -->\n<title>GODA mountains: Day \/ Dithilou and Bankoualeh - Massigo Travel - Djibouti Tour Packages<\/title>\n<meta name=\"robots\" content=\"index, follow, max-snippet:-1, max-image-preview:large, max-video-preview:-1\" \/>\n<link rel=\"canonical\" href=\"https:\/\/www.travel2djibouti.com\/fr\/goda-mountains-day-dithilou-and-bankoualeh\/\" \/>\n<meta property=\"og:locale\" content=\"fr_FR\" \/>\n<meta property=\"og:type\" content=\"article\" \/>\n<meta property=\"og:title\" content=\"GODA mountains: Day \/ Dithilou and Bankoualeh - Massigo Travel - Djibouti Tour Packages\" \/>\n<meta property=\"og:description\" content=\"Explore the Majestic GODA Mountains Nestled in the heart of Djibouti, the GODA Mountains, and encompassing Day, Dithilou, and Bankoualeh, stand as magnificent natural wonders that beckon adventurous souls. Offering a unique combination of rugged landscapes, dramatic cliffs, and breathtaking vistas, the GODA Mountains are a must-visit destination for nature enthusiasts and explorers alike. The\" \/>\n<meta property=\"og:url\" content=\"https:\/\/www.travel2djibouti.com\/fr\/goda-mountains-day-dithilou-and-bankoualeh\/\" \/>\n<meta property=\"og:site_name\" content=\"Massigo Travel\" \/>\n<meta property=\"article:modified_time\" content=\"2023-07-28T05:56:52+00:00\" \/>\n<meta name=\"twitter:card\" content=\"summary_large_image\" \/>\n<meta name=\"twitter:label1\" content=\"Dur\u00e9e de lecture estim\u00e9e\" \/>\n\t<meta name=\"twitter:data1\" content=\"2 minutes\" \/>\n<script type=\"application\/ld+json\" class=\"yoast-schema-graph\">{\"@context\":\"https:\/\/schema.org\",\"@graph\":[{\"@type\":\"WebPage\",\"@id\":\"https:\/\/www.travel2djibouti.com\/goda-mountains-day-dithilou-and-bankoualeh\/\",\"url\":\"https:\/\/www.travel2djibouti.com\/goda-mountains-day-dithilou-and-bankoualeh\/\",\"name\":\"GODA mountains: Day \/ Dithilou and Bankoualeh - Massigo Travel - Djibouti Tour Packages\",\"isPartOf\":{\"@id\":\"https:\/\/www.travel2djibouti.com\/#website\"},\"datePublished\":\"2023-06-06T09:02:23+00:00\",\"dateModified\":\"2023-07-28T05:56:52+00:00\",\"inLanguage\":\"fr-FR\",\"potentialAction\":[{\"@type\":\"ReadAction\",\"target\":[\"https:\/\/www.travel2djibouti.com\/goda-mountains-day-dithilou-and-bankoualeh\/\"]}]},{\"@type\":\"WebSite\",\"@id\":\"https:\/\/www.travel2djibouti.com\/#website\",\"url\":\"https:\/\/www.travel2djibouti.com\/\",\"name\":\"Massigo Travel\",\"description\":\"Best Tour \/Excursions Operator in Djibouti\",\"publisher\":{\"@id\":\"https:\/\/www.travel2djibouti.com\/#organization\"},\"potentialAction\":[{\"@type\":\"SearchAction\",\"target\":{\"@type\":\"EntryPoint\",\"urlTemplate\":\"https:\/\/www.travel2djibouti.com\/?s={search_term_string}\"},\"query-input\":{\"@type\":\"PropertyValueSpecification\",\"valueRequired\":true,\"valueName\":\"search_term_string\"}}],\"inLanguage\":\"fr-FR\"},{\"@type\":\"Organization\",\"@id\":\"https:\/\/www.travel2djibouti.com\/#organization\",\"name\":\"Massigo Travel\",\"url\":\"https:\/\/www.travel2djibouti.com\/\",\"logo\":{\"@type\":\"ImageObject\",\"inLanguage\":\"fr-FR\",\"@id\":\"https:\/\/www.travel2djibouti.com\/#\/schema\/logo\/image\/\",\"url\":\"https:\/\/www.travel2djibouti.com\/wp-content\/uploads\/2023\/06\/Massigo-Travel-Logo.png\",\"contentUrl\":\"https:\/\/www.travel2djibouti.com\/wp-content\/uploads\/2023\/06\/Massigo-Travel-Logo.png\",\"width\":308,\"height\":60,\"caption\":\"Massigo Travel\"},\"image\":{\"@id\":\"https:\/\/www.travel2djibouti.com\/#\/schema\/logo\/image\/\"}}]}<\/script>\n<!-- \/ Yoast SEO plugin. -->","yoast_head_json":{"title":"GODA mountains: Day \/ Dithilou and Bankoualeh - Massigo Travel - Djibouti Tour Packages","robots":{"index":"index","follow":"follow","max-snippet":"max-snippet:-1","max-image-preview":"max-image-preview:large","max-video-preview":"max-video-preview:-1"},"canonical":"https:\/\/www.travel2djibouti.com\/fr\/goda-mountains-day-dithilou-and-bankoualeh\/","og_locale":"fr_FR","og_type":"article","og_title":"GODA mountains: Day \/ Dithilou and Bankoualeh - Massigo Travel - Djibouti Tour Packages","og_description":"Explore the Majestic GODA Mountains Nestled in the heart of Djibouti, the GODA Mountains, and encompassing Day, Dithilou, and Bankoualeh, stand as magnificent natural wonders that beckon adventurous souls. Offering a unique combination of rugged landscapes, dramatic cliffs, and breathtaking vistas, the GODA Mountains are a must-visit destination for nature enthusiasts and explorers alike. The","og_url":"https:\/\/www.travel2djibouti.com\/fr\/goda-mountains-day-dithilou-and-bankoualeh\/","og_site_name":"Massigo Travel","article_modified_time":"2023-07-28T05:56:52+00:00","twitter_card":"summary_large_image","twitter_misc":{"Dur\u00e9e de lecture estim\u00e9e":"2 minutes"},"schema":{"@context":"https:\/\/schema.org","@graph":[{"@type":"WebPage","@id":"https:\/\/www.travel2djibouti.com\/goda-mountains-day-dithilou-and-bankoualeh\/","url":"https:\/\/www.travel2djibouti.com\/goda-mountains-day-dithilou-and-bankoualeh\/","name":"GODA mountains: Day \/ Dithilou and Bankoualeh - Massigo Travel - Djibouti Tour Packages","isPartOf":{"@id":"https:\/\/www.travel2djibouti.com\/#website"},"datePublished":"2023-06-06T09:02:23+00:00","dateModified":"2023-07-28T05:56:52+00:00","inLanguage":"fr-FR","potentialAction":[{"@type":"ReadAction","target":["https:\/\/www.travel2djibouti.com\/goda-mountains-day-dithilou-and-bankoualeh\/"]}]},{"@type":"WebSite","@id":"https:\/\/www.travel2djibouti.com\/#website","url":"https:\/\/www.travel2djibouti.com\/","name":"Massigo Travel","description":"Best Tour \/Excursions Operator in Djibouti","publisher":{"@id":"https:\/\/www.travel2djibouti.com\/#organization"},"potentialAction":[{"@type":"SearchAction","target":{"@type":"EntryPoint","urlTemplate":"https:\/\/www.travel2djibouti.com\/?s={search_term_string}"},"query-input":{"@type":"PropertyValueSpecification","valueRequired":true,"valueName":"search_term_string"}}],"inLanguage":"fr-FR"},{"@type":"Organization","@id":"https:\/\/www.travel2djibouti.com\/#organization","name":"Massigo Travel","url":"https:\/\/www.travel2djibouti.com\/","logo":{"@type":"ImageObject","inLanguage":"fr-FR","@id":"https:\/\/www.travel2djibouti.com\/#\/schema\/logo\/image\/","url":"https:\/\/www.travel2djibouti.com\/wp-content\/uploads\/2023\/06\/Massigo-Travel-Logo.png","contentUrl":"https:\/\/www.travel2djibouti.com\/wp-content\/uploads\/2023\/06\/Massigo-Travel-Logo.png","width":308,"height":60,"caption":"Massigo Travel"},"image":{"@id":"https:\/\/www.travel2djibouti.com\/#\/schema\/logo\/image\/"}}]}},"_links":{"self":[{"href":"https:\/\/www.travel2djibouti.com\/fr\/wp-json\/wp\/v2\/pages\/2102","targetHints":{"allow":["GET"]}}],"collection":[{"href":"https:\/\/www.travel2djibouti.com\/fr\/wp-json\/wp\/v2\/pages"}],"about":[{"href":"https:\/\/www.travel2djibouti.com\/fr\/wp-json\/wp\/v2\/types\/page"}],"author":[{"embeddable":true,"href":"https:\/\/www.travel2djibouti.com\/fr\/wp-json\/wp\/v2\/users\/1"}],"replies":[{"embeddable":true,"href":"https:\/\/www.travel2djibouti.com\/fr\/wp-json\/wp\/v2\/comments?post=2102"}],"version-history":[{"count":0,"href":"https:\/\/www.travel2djibouti.com\/fr\/wp-json\/wp\/v2\/pages\/2102\/revisions"}],"wp:attachment":[{"href":"https:\/\/www.travel2djibouti.com\/fr\/wp-json\/wp\/v2\/media?parent=2102"}],"curies":[{"name":"wp","href":"https:\/\/api.w.org\/{rel}","templated":true}]}}