{"id":2100,"date":"2023-06-06T08:57:58","date_gmt":"2023-06-06T08:57:58","guid":{"rendered":"https:\/\/www.travel2djibouti.com\/?page_id=2100"},"modified":"2023-07-28T05:55:23","modified_gmt":"2023-07-28T05:55:23","slug":"tadjourah-sable-blanc","status":"publish","type":"page","link":"https:\/\/www.travel2djibouti.com\/fr\/tadjourah-sable-blanc\/","title":{"rendered":"Tadjourah \/ Sable blanc"},"content":{"rendered":"<div data-elementor-type=\"wp-page\" data-elementor-id=\"2100\" class=\"elementor elementor-2100\">\n\t\t\t\t\t\t<section class=\"elementor-section elementor-top-section elementor-element elementor-element-7ac476cf elementor-section-boxed elementor-section-height-default elementor-section-height-default\" data-id=\"7ac476cf\" data-element_type=\"section\" data-e-type=\"section\">\n\t\t\t\t\t\t<div class=\"elementor-container elementor-column-gap-default\">\n\t\t\t\t\t<div class=\"elementor-column elementor-col-100 elementor-top-column elementor-element elementor-element-6e5b6c81\" data-id=\"6e5b6c81\" data-element_type=\"column\" data-e-type=\"column\">\n\t\t\t<div class=\"elementor-widget-wrap elementor-element-populated\">\n\t\t\t\t\t\t<div class=\"elementor-element elementor-element-3af2c9ae elementor-widget elementor-widget-text-editor\" data-id=\"3af2c9ae\" data-element_type=\"widget\" data-e-type=\"widget\" data-widget_type=\"text-editor.default\">\n\t\t\t\t<div class=\"elementor-widget-container\">\n\t\t\t\t\t\t\t\t\t<strong>La ville blanche :<\/strong>\r\n\r\nLa r\u00e9gion de Tadjourah est connue pour \u00eatre une localit\u00e9 qui abrite de nombreux sites touristiques baln\u00e9aires et terrestres. La ville de Tadjourah, capitale de la r\u00e9gion dite la \u00ab ville blanche \u00bb, est accessible par mer \u00e0 45 minutes sous les projecteurs ou par ferry (2h &amp; 3 fois par semaine). Elle est \u00e9galement accessible par voie terrestre mais il faut faire un d\u00e9tour de 200km pour s'y rendre. Chancelier des tribus Afar Sultanat, cette cit\u00e9 antique, est un port de commerce o\u00f9 affluaient jadis les marchands lorsque les caravanes \u00e9changeaient le sel avec les abyssins des hauts plateaux abyssins.\r\n\r\n&nbsp;\r\n\r\n<strong>D\u00e9couvrez la beaut\u00e9 enchanteresse de la plage de Sable Blanc<\/strong>\r\n\r\nParmi ses nombreux attraits touristiques captivants, Sable Blanc, \u00e9galement connue sous le nom de White Sand Beach, se d\u00e9marque comme un v\u00e9ritable paradis. \u00c0 seulement 25 minutes en voiture de la ville historique de Tadjourah, cette plage offre un m\u00e9lange exquis de paysages \u00e9poustouflants et de vie marine dynamique, ce qui en fait une destination incontournable pour les voyageurs en qu\u00eate de tranquillit\u00e9 et d'aventure.\r\n\r\n<strong>Un paradis pour les plongeurs\u00a0:<\/strong>\r\n\r\nNich\u00e9e entre une mer majestueuse et une falaise abrupte orn\u00e9e de massifs rochers noirs, la plage de Sable Blanc est r\u00e9put\u00e9e comme l'un des meilleurs spots de snorkeling de Djibouti. Les eaux cristallines qui bordent la plage offrent un environnement id\u00e9al aux plongeurs pour explorer les magnifiques r\u00e9cifs coralliens regorgeant d'un kal\u00e9idoscope de poissons color\u00e9s. Avec juste un masque et un tuba, vous serez enchant\u00e9 par le monde sous-marin vibrant qui se d\u00e9roule sous vos yeux. Les coraux, dans toutes leurs formes et couleurs, cr\u00e9ent un spectacle vraiment fascinant, vous laissant bouche b\u00e9e devant les merveilles naturelles que Djibouti a \u00e0 offrir.\r\n\r\n<strong>D\u00e9tente idyllique :<\/strong>\r\n\r\nLa plage de Sable Blanc s'adresse \u00e0 ceux qui recherchent la d\u00e9tente. Le doux sable blanc vous invite \u00e0 vous allonger et \u00e0 profiter du chaud soleil tout en profitant de la douce brise marine. C\u2019est un endroit idyllique o\u00f9 vous pourrez \u00e9chapper \u00e0 l\u2019agitation de la vie quotidienne et vous connecter avec la nature.\n\nLa plage de Sable Blanc \u00e0 Djibouti est un v\u00e9ritable joyau \u00e0 d\u00e9couvrir. Son sable blanc immacul\u00e9, ses r\u00e9cifs coralliens vibrants et ses eaux cristallines cr\u00e9ent une ambiance enchanteresse qui captive tous les visiteurs. Que vous recherchiez l'aventure en faisant de la plong\u00e9e en apn\u00e9e ou que vous pr\u00e9f\u00e9riez vous d\u00e9tendre sur le rivage idyllique, la plage de Sable Blanc offre un coin de paradis.\t\t\t\t\t\t\t\t<\/div>\n\t\t\t\t<\/div>\n\t\t\t\t<div class=\"elementor-element elementor-element-56c728a elementor-widget elementor-widget-gallery\" data-id=\"56c728a\" data-element_type=\"widget\" data-e-type=\"widget\" data-settings=\"{&quot;lazyload&quot;:&quot;yes&quot;,&quot;gallery_layout&quot;:&quot;grid&quot;,&quot;columns&quot;:4,&quot;columns_tablet&quot;:2,&quot;columns_mobile&quot;:1,&quot;gap&quot;:{&quot;unit&quot;:&quot;px&quot;,&quot;size&quot;:10,&quot;sizes&quot;:[]},&quot;gap_tablet&quot;:{&quot;unit&quot;:&quot;px&quot;,&quot;size&quot;:10,&quot;sizes&quot;:[]},&quot;gap_mobile&quot;:{&quot;unit&quot;:&quot;px&quot;,&quot;size&quot;:10,&quot;sizes&quot;:[]},&quot;link_to&quot;:&quot;file&quot;,&quot;aspect_ratio&quot;:&quot;3:2&quot;,&quot;overlay_background&quot;:&quot;yes&quot;,&quot;content_hover_animation&quot;:&quot;fade-in&quot;}\" data-widget_type=\"gallery.default\">\n\t\t\t\t<div class=\"elementor-widget-container\">\n\t\t\t\t\t\t\t<div class=\"elementor-gallery__container\">\n\t\t\t\t\t\t\t<a class=\"e-gallery-item elementor-gallery-item elementor-animated-content\" href=\"https:\/\/www.travel2djibouti.com\/wp-content\/uploads\/2023\/06\/sunset-from-sable-blanc.jpeg\" data-elementor-open-lightbox=\"yes\" data-elementor-lightbox-slideshow=\"all-56c728a\" data-elementor-lightbox-title=\"sunset from sable blanc\" data-e-action-hash=\"#elementor-action%3Aaction%3Dlightbox%26settings%3DeyJpZCI6MjI5NiwidXJsIjoiaHR0cHM6XC9cL3d3dy50cmF2ZWwyZGppYm91dGkuY29tXC93cC1jb250ZW50XC91cGxvYWRzXC8yMDIzXC8wNlwvc3Vuc2V0LWZyb20tc2FibGUtYmxhbmMuanBlZyIsInNsaWRlc2hvdyI6ImFsbC01NmM3MjhhIn0%3D\">\n\t\t\t\t\t<div class=\"e-gallery-image elementor-gallery-item__image\" data-thumbnail=\"https:\/\/www.travel2djibouti.com\/wp-content\/uploads\/2023\/06\/sunset-from-sable-blanc-300x225.jpeg\" data-width=\"300\" data-height=\"225\" alt=\"White sand beach at Sable Blanc \u2013 Relax and snorkel in Djibouti\u2019s top tourist sites.&quot;\" ><\/div>\n\t\t\t\t\t\t\t\t\t\t\t<div class=\"elementor-gallery-item__overlay\"><\/div>\n\t\t\t\t\t\t\t\t\t\t\t\t\t\t<\/a>\n\t\t\t\t\t\t\t<a class=\"e-gallery-item elementor-gallery-item elementor-animated-content\" href=\"https:\/\/www.travel2djibouti.com\/wp-content\/uploads\/2023\/06\/tadjourah-th-whit-city.jpeg\" data-elementor-open-lightbox=\"yes\" data-elementor-lightbox-slideshow=\"all-56c728a\" data-elementor-lightbox-title=\"tadjourah th whit city\" data-elementor-lightbox-description=\"tadjourah the white city from the boat by seaside\" data-e-action-hash=\"#elementor-action%3Aaction%3Dlightbox%26settings%3DeyJpZCI6MjI5NywidXJsIjoiaHR0cHM6XC9cL3d3dy50cmF2ZWwyZGppYm91dGkuY29tXC93cC1jb250ZW50XC91cGxvYWRzXC8yMDIzXC8wNlwvdGFkam91cmFoLXRoLXdoaXQtY2l0eS5qcGVnIiwic2xpZGVzaG93IjoiYWxsLTU2YzcyOGEifQ%3D%3D\">\n\t\t\t\t\t<div class=\"e-gallery-image elementor-gallery-item__image\" data-thumbnail=\"https:\/\/www.travel2djibouti.com\/wp-content\/uploads\/2023\/06\/tadjourah-th-whit-city-300x200.jpeg\" data-width=\"300\" data-height=\"200\" alt=\"White sand beach at Sable Blanc \u2013 Relax and snorkel in Djibouti\u2019s top tourist sites.&quot;\" ><\/div>\n\t\t\t\t\t\t\t\t\t\t\t<div class=\"elementor-gallery-item__overlay\"><\/div>\n\t\t\t\t\t\t\t\t\t\t\t\t\t\t<\/a>\n\t\t\t\t\t<\/div>\n\t\t\t\t\t<\/div>\n\t\t\t\t<\/div>\n\t\t\t\t\t<\/div>\n\t\t<\/div>\n\t\t\t\t\t<\/div>\n\t\t<\/section>\n\t\t\t\t<\/div>","protected":false},"excerpt":{"rendered":"<p>The white city : The region of Tadjourah is known for being a locality which shelters numerous seaside and terrestrial tourist sites. The city of Tadjourah, capital of the region known as the \u201cWhite city\u201d, is accessible by sea 45 minutes in the spotlight or by ferry (2hours &amp; 3 times per week). It is<\/p>","protected":false},"author":1,"featured_media":0,"parent":0,"menu_order":0,"comment_status":"closed","ping_status":"closed","template":"","meta":{"_acf_changed":false,"dwc-title":[],"dwc-content":[],"inline_featured_image":false,"_monsterinsights_skip_tracking":false,"_monsterinsights_sitenote_active":false,"_monsterinsights_sitenote_note":"","_monsterinsights_sitenote_category":0,"footnotes":""},"class_list":["post-2100","page","type-page","status-publish","hentry"],"acf":[],"yoast_head":"<!-- This site is optimized with the Yoast SEO plugin v27.2 - https:\/\/yoast.com\/product\/yoast-seo-wordpress\/ -->\n<title>Tadjourah \/ Sable blanc - Massigo Travel - Djibouti Tour Packages<\/title>\n<meta name=\"robots\" content=\"index, follow, max-snippet:-1, max-image-preview:large, max-video-preview:-1\" \/>\n<link rel=\"canonical\" href=\"https:\/\/www.travel2djibouti.com\/fr\/tadjourah-sable-blanc\/\" \/>\n<meta property=\"og:locale\" content=\"fr_FR\" \/>\n<meta property=\"og:type\" content=\"article\" \/>\n<meta property=\"og:title\" content=\"Tadjourah \/ Sable blanc - Massigo Travel - Djibouti Tour Packages\" \/>\n<meta property=\"og:description\" content=\"The white city : The region of Tadjourah is known for being a locality which shelters numerous seaside and terrestrial tourist sites. The city of Tadjourah, capital of the region known as the \u201cWhite city\u201d, is accessible by sea 45 minutes in the spotlight or by ferry (2hours &amp; 3 times per week). It is\" \/>\n<meta property=\"og:url\" content=\"https:\/\/www.travel2djibouti.com\/fr\/tadjourah-sable-blanc\/\" \/>\n<meta property=\"og:site_name\" content=\"Massigo Travel\" \/>\n<meta property=\"article:modified_time\" content=\"2023-07-28T05:55:23+00:00\" \/>\n<meta name=\"twitter:card\" content=\"summary_large_image\" \/>\n<meta name=\"twitter:label1\" content=\"Dur\u00e9e de lecture estim\u00e9e\" \/>\n\t<meta name=\"twitter:data1\" content=\"2 minutes\" \/>\n<script type=\"application\/ld+json\" class=\"yoast-schema-graph\">{\"@context\":\"https:\/\/schema.org\",\"@graph\":[{\"@type\":\"WebPage\",\"@id\":\"https:\/\/www.travel2djibouti.com\/tadjourah-sable-blanc\/\",\"url\":\"https:\/\/www.travel2djibouti.com\/tadjourah-sable-blanc\/\",\"name\":\"Tadjourah \/ Sable blanc - Massigo Travel - Djibouti Tour Packages\",\"isPartOf\":{\"@id\":\"https:\/\/www.travel2djibouti.com\/#website\"},\"datePublished\":\"2023-06-06T08:57:58+00:00\",\"dateModified\":\"2023-07-28T05:55:23+00:00\",\"inLanguage\":\"fr-FR\",\"potentialAction\":[{\"@type\":\"ReadAction\",\"target\":[\"https:\/\/www.travel2djibouti.com\/tadjourah-sable-blanc\/\"]}]},{\"@type\":\"WebSite\",\"@id\":\"https:\/\/www.travel2djibouti.com\/#website\",\"url\":\"https:\/\/www.travel2djibouti.com\/\",\"name\":\"Massigo Travel\",\"description\":\"Best Tour \/Excursions Operator in Djibouti\",\"publisher\":{\"@id\":\"https:\/\/www.travel2djibouti.com\/#organization\"},\"potentialAction\":[{\"@type\":\"SearchAction\",\"target\":{\"@type\":\"EntryPoint\",\"urlTemplate\":\"https:\/\/www.travel2djibouti.com\/?s={search_term_string}\"},\"query-input\":{\"@type\":\"PropertyValueSpecification\",\"valueRequired\":true,\"valueName\":\"search_term_string\"}}],\"inLanguage\":\"fr-FR\"},{\"@type\":\"Organization\",\"@id\":\"https:\/\/www.travel2djibouti.com\/#organization\",\"name\":\"Massigo Travel\",\"url\":\"https:\/\/www.travel2djibouti.com\/\",\"logo\":{\"@type\":\"ImageObject\",\"inLanguage\":\"fr-FR\",\"@id\":\"https:\/\/www.travel2djibouti.com\/#\/schema\/logo\/image\/\",\"url\":\"https:\/\/www.travel2djibouti.com\/wp-content\/uploads\/2023\/06\/Massigo-Travel-Logo.png\",\"contentUrl\":\"https:\/\/www.travel2djibouti.com\/wp-content\/uploads\/2023\/06\/Massigo-Travel-Logo.png\",\"width\":308,\"height\":60,\"caption\":\"Massigo Travel\"},\"image\":{\"@id\":\"https:\/\/www.travel2djibouti.com\/#\/schema\/logo\/image\/\"}}]}<\/script>\n<!-- \/ Yoast SEO plugin. -->","yoast_head_json":{"title":"Tadjourah \/ Sable blanc - Massigo Travel - Djibouti Tour Packages","robots":{"index":"index","follow":"follow","max-snippet":"max-snippet:-1","max-image-preview":"max-image-preview:large","max-video-preview":"max-video-preview:-1"},"canonical":"https:\/\/www.travel2djibouti.com\/fr\/tadjourah-sable-blanc\/","og_locale":"fr_FR","og_type":"article","og_title":"Tadjourah \/ Sable blanc - Massigo Travel - Djibouti Tour Packages","og_description":"The white city : The region of Tadjourah is known for being a locality which shelters numerous seaside and terrestrial tourist sites. The city of Tadjourah, capital of the region known as the \u201cWhite city\u201d, is accessible by sea 45 minutes in the spotlight or by ferry (2hours &amp; 3 times per week). It is","og_url":"https:\/\/www.travel2djibouti.com\/fr\/tadjourah-sable-blanc\/","og_site_name":"Massigo Travel","article_modified_time":"2023-07-28T05:55:23+00:00","twitter_card":"summary_large_image","twitter_misc":{"Dur\u00e9e de lecture estim\u00e9e":"2 minutes"},"schema":{"@context":"https:\/\/schema.org","@graph":[{"@type":"WebPage","@id":"https:\/\/www.travel2djibouti.com\/tadjourah-sable-blanc\/","url":"https:\/\/www.travel2djibouti.com\/tadjourah-sable-blanc\/","name":"Tadjourah \/ Sable blanc - Massigo Travel - Djibouti Tour Packages","isPartOf":{"@id":"https:\/\/www.travel2djibouti.com\/#website"},"datePublished":"2023-06-06T08:57:58+00:00","dateModified":"2023-07-28T05:55:23+00:00","inLanguage":"fr-FR","potentialAction":[{"@type":"ReadAction","target":["https:\/\/www.travel2djibouti.com\/tadjourah-sable-blanc\/"]}]},{"@type":"WebSite","@id":"https:\/\/www.travel2djibouti.com\/#website","url":"https:\/\/www.travel2djibouti.com\/","name":"Massigo Travel","description":"Best Tour \/Excursions Operator in Djibouti","publisher":{"@id":"https:\/\/www.travel2djibouti.com\/#organization"},"potentialAction":[{"@type":"SearchAction","target":{"@type":"EntryPoint","urlTemplate":"https:\/\/www.travel2djibouti.com\/?s={search_term_string}"},"query-input":{"@type":"PropertyValueSpecification","valueRequired":true,"valueName":"search_term_string"}}],"inLanguage":"fr-FR"},{"@type":"Organization","@id":"https:\/\/www.travel2djibouti.com\/#organization","name":"Massigo Travel","url":"https:\/\/www.travel2djibouti.com\/","logo":{"@type":"ImageObject","inLanguage":"fr-FR","@id":"https:\/\/www.travel2djibouti.com\/#\/schema\/logo\/image\/","url":"https:\/\/www.travel2djibouti.com\/wp-content\/uploads\/2023\/06\/Massigo-Travel-Logo.png","contentUrl":"https:\/\/www.travel2djibouti.com\/wp-content\/uploads\/2023\/06\/Massigo-Travel-Logo.png","width":308,"height":60,"caption":"Massigo Travel"},"image":{"@id":"https:\/\/www.travel2djibouti.com\/#\/schema\/logo\/image\/"}}]}},"_links":{"self":[{"href":"https:\/\/www.travel2djibouti.com\/fr\/wp-json\/wp\/v2\/pages\/2100","targetHints":{"allow":["GET"]}}],"collection":[{"href":"https:\/\/www.travel2djibouti.com\/fr\/wp-json\/wp\/v2\/pages"}],"about":[{"href":"https:\/\/www.travel2djibouti.com\/fr\/wp-json\/wp\/v2\/types\/page"}],"author":[{"embeddable":true,"href":"https:\/\/www.travel2djibouti.com\/fr\/wp-json\/wp\/v2\/users\/1"}],"replies":[{"embeddable":true,"href":"https:\/\/www.travel2djibouti.com\/fr\/wp-json\/wp\/v2\/comments?post=2100"}],"version-history":[{"count":0,"href":"https:\/\/www.travel2djibouti.com\/fr\/wp-json\/wp\/v2\/pages\/2100\/revisions"}],"wp:attachment":[{"href":"https:\/\/www.travel2djibouti.com\/fr\/wp-json\/wp\/v2\/media?parent=2100"}],"curies":[{"name":"wp","href":"https:\/\/api.w.org\/{rel}","templated":true}]}}