{"id":2077,"date":"2023-06-06T08:23:35","date_gmt":"2023-06-06T08:23:35","guid":{"rendered":"https:\/\/www.travel2djibouti.com\/?page_id=2077"},"modified":"2023-07-28T05:04:16","modified_gmt":"2023-07-28T05:04:16","slug":"hotel-booking","status":"publish","type":"page","link":"https:\/\/www.travel2djibouti.com\/fr\/hotel-booking\/","title":{"rendered":"R\u00e9servation d'h\u00f4tels"},"content":{"rendered":"<p><strong>R\u00e9uction de tarifs d'h\u00f4tel \u00e0 Djibouti avec Massigo Travel<\/strong><\/p>\n<p>Vous planifiez une visite \u00e0 Djibouti et recherchez des options d'h\u00e9bergement abordables et confortables ? Cherchez pas plus loin! Massigo Travel est l\u00e0 pour vous offrir\u00a0<strong>Tarif avec r\u00e9duction<\/strong>\u00a0for a range of hotels in various locations across Djibouti.<\/p>\n<p>Que vous s\u00e9journiez dans la capitale, pr\u00e8s de l'a\u00e9roport ou que vous exploriez la p\u00e9riph\u00e9rie, Massigo Travel a ce qu'il vous faut.<\/p>\n<p>Voici quelques-uns des h\u00f4tels pr\u00e9sent\u00e9s et leurs emplacements, class\u00e9s par ordre de proximit\u00e9 avec l'a\u00e9roport, le centre-ville et d'autres zones\u00a0:<\/p>\n<p><strong>Veuillez noter que Massigo Travel a de meilleurs tarifs si vous r\u00e9servez directement avec nous puisque nous avons un accord avec la plupart des h\u00f4tels.<\/strong><\/p>\n<p>&nbsp;<\/p>\n<p><strong>\u00a0<\/strong><\/p>\n<table width=\"963\">\n<tbody>\n<tr>\n<td colspan=\"4\" width=\"963\"><strong><em>H\u00c9BERGEMENT \u00c0 DJIBOUTI LA CAPITALE<\/em><\/strong><\/td>\n<\/tr>\n<tr>\n<td width=\"184\"><strong><em>Nom d'h\u00f4tels<\/em><\/strong><\/td>\n<td width=\"340\"><strong><em>adresse<\/em><\/strong><\/td>\n<td width=\"213\"><strong><em>Localisation <\/em><\/strong><\/td>\n<td width=\"227\"><strong><em>Recommandation<\/em><\/strong><\/td>\n<\/tr>\n<tr>\n<td width=\"184\"><strong>\u00a0<\/strong><\/p>\n<p><strong>\u00a0<\/strong><\/p>\n<p><strong>Golden airport<\/strong><\/td>\n<td width=\"340\">Nelson Mandela\u060c 534\u060c, Djibouti\u00a0\u00a0 <strong>Phone:<\/strong>\u00a0+253 21 34 96 10<\/p>\n<p><strong>Website:<\/strong> www.goldenairporthotel.com\/<\/p>\n<p><strong>e-mail<\/strong>: info@goldenairporthotel.com<br \/>\nreservation@goldenairporthotel.com<\/td>\n<td width=\"213\"><strong><em>\u00a0<\/em><\/strong><\/p>\n<p><strong><em>Situ\u00e9 \u00e0 un kilom\u00e8tre de l'A\u00e9roport<\/em><\/strong><\/td>\n<td width=\"227\"><strong><em>Ouvert en 2019. Nouvel h\u00f4tel, propre, bons services. P\u00e9riph\u00e9rie de la ville<\/em><\/strong><\/td>\n<\/tr>\n<tr>\n<td width=\"184\"><strong><em>\u00a0<\/em><\/strong><\/p>\n<p><strong><em>\u00a0<\/em><\/strong><\/p>\n<p><strong><em>EUROPE<\/em><\/strong><\/td>\n<td width=\"340\"><strong><em>\u00a0<\/em><\/strong><\/p>\n<p><strong><em>place du 27 juin B.P 83, Djibouti <\/em><\/strong><a href=\"https:\/\/www.google.com\/search?sa=X&amp;hl=fr-DJ&amp;gl=dj&amp;hotel_dates=2023-06-22,2023-06-23&amp;sxsrf=APwXEdckdIrBqanWc5hjF1xbhJEVDHVIzg:1685367263779&amp;q=h%C3%B4tel+l%27europe+djibouti+t%C3%A9l%C3%A9phone&amp;ludocid=6256240389381780891&amp;ved=2ahUKEwi39Mqo0pr_AhUCgv0HHeLwCzkQ6BN6BAhdEAI\"><strong>T\u00e9l\u00e9phone<\/strong><\/a><strong>\u00a0:\u00a0<\/strong><a href=\"https:\/\/www.google.com\/search?hl=fr-DJ&amp;gl=dj&amp;q=H%C3%B4tel+l%27Europe&amp;ludocid=6256240389381780891&amp;lsig=AB86z5V5yUFBNECYYJugUWZb0zAx&amp;hotel_dates=2023-06-22,2023-06-23&amp;sxsrf=APwXEddBy-BKPQ2wOZytdp3AKkPV4Gt92w:1685367041315&amp;sa=X&amp;ved=2ahUKEwj-7MC-0Zr_AhXlhv0HHUaXAB8Qi6wFKAZ6BAgbEDI\">21 35 50 60<\/a><\/td>\n<td width=\"213\"><strong><em>\u00a0<\/em><\/strong><\/p>\n<p><strong><em>Situ\u00e9 en plein centre-ville principal, \u00e0 09 km de l'a\u00e9roport<\/em><\/strong><\/td>\n<td width=\"227\"><strong><em>\u00a0<\/em><\/strong><\/p>\n<p><strong><em>Renouvel\u00e9 en 2022. Tr\u00e8s propre, tr\u00e8s bonnes prestations. <\/em><\/strong><\/td>\n<\/tr>\n<tr>\n<td width=\"184\"><strong><em>\u00a0<\/em><\/strong><\/p>\n<p><strong><em>\u00a0<\/em><\/strong><\/p>\n<p><strong><em>CAPITAL<\/em><\/strong><\/td>\n<td width=\"340\">Place du 27 Juin, Rue de Rome, \u00a0 EAB Building, Djibouti, Djibouti<\/p>\n<p><strong>t\u00e9l\u00e9phone<\/strong>\u00a0: (+253) 21 35 53 53..\/<\/p>\n<p><strong>Fax<\/strong>\u00a0: (+253) 21 34 88 00<\/p>\n<p><strong>E-mail<\/strong>\u00a0: capitalhotel@intenet.dj<\/p>\n<p><strong>Site-web<\/strong>\u00a0:\u00a0<a href=\"http:\/\/www.capitalhoteldj.dj\/\">www.capitalhoteldj.dj<\/a><\/td>\n<td width=\"213\"><strong><em>Situ\u00e9 en plein centre-ville principal, \u00e0 09 km de l'a\u00e9roport<\/em><\/strong><\/p>\n<p><strong><em>\u00a0<\/em><\/strong><\/td>\n<td width=\"227\"><strong><em>Ouvert en 2019. Nouvel h\u00f4tel, propre, bons services. <\/em><\/strong><\/td>\n<\/tr>\n<tr>\n<td width=\"184\"><strong>\u00a0<\/strong><\/p>\n<p><strong>LE LAURIER\u00a0<\/strong><\/td>\n<td width=\"340\">&nbsp;<\/p>\n<p>Ave Georges Clemenceau, Djibouti<\/p>\n<p><a href=\"https:\/\/www.google.com\/search?sxsrf=APwXEddQLJQ5_ZAmFSZy2bsAjJO0QN80Dw:1685366420204&amp;q=le+laurier+hotel+djibouti+t%C3%A9l%C3%A9phone&amp;ludocid=4241487009264215697&amp;sa=X&amp;ved=2ahUKEwjemquWz5r_AhVdh_0HHWrTBaQQ6BN6BAgxEAI\"><strong>T\u00e9l\u00e9phone<\/strong><\/a><strong>\u00a0:\u00a0<\/strong><strong>+25321342380<\/strong><\/p>\n<p><strong>Email\u00a0<\/strong>: <a href=\"mailto:LeLaurierHotel@gmail.com\">LeLaurierHotel@gmail.com<\/a><\/p>\n<p>&nbsp;<\/td>\n<td width=\"213\"><strong><em>Situ\u00e9 en plein centre-ville principal, \u00e0 09 km de l'a\u00e9roport<\/em><\/strong><\/td>\n<td width=\"227\"><strong><em>Ouvert en 2019. Nouvel h\u00f4tel, propre, bons services. <\/em><\/strong><\/td>\n<\/tr>\n<tr>\n<td width=\"184\"><strong>\u00a0<\/strong><\/p>\n<p><strong>RAS DIKA<\/strong><\/td>\n<td width=\"340\"><strong><em>Rue d\u2019Ethioipie, in front of HAMOUDI MOSQUE : in the African market or \u201cfly market\u201d<\/em><\/strong><\/td>\n<td width=\"213\"><strong><em>Situ\u00e9 en plein centre-ville principal, \u00e0 09 km de l'a\u00e9roport<\/em><\/strong><\/td>\n<td width=\"227\"><strong><em>\u00a0<\/em><\/strong><\/p>\n<p><strong><em>H\u00f4tel \u00e9conomique<\/em><\/strong><\/td>\n<\/tr>\n<tr>\n<td width=\"184\"><strong>\u00a0<\/strong><\/p>\n<p><strong>HORSEED<\/strong><\/td>\n<td width=\"340\">Blvd du General de Gaulle, Djibouti Djibouti<\/td>\n<td width=\"213\"><strong><em>Situ\u00e9 en plein centre-ville principal, \u00e0 09 km de l'a\u00e9roport<\/em><\/strong><\/td>\n<td width=\"227\"><strong><em>Recommand\u00e9 pour les voyageurs \u00e0 petit budget, s\u00fbr. <\/em><\/strong><\/td>\n<\/tr>\n<tr>\n<td width=\"184\"><strong>\u00a0<\/strong><\/p>\n<p><strong>KEMPINSKY<\/strong><\/td>\n<td width=\"340\"><strong>ilot<\/strong> du H\u00e9ron<\/p>\n<p><strong>T\u00e9l <\/strong>: (+253) 21 32 55 55<\/p>\n<p><strong>Fax :<\/strong> (+253) 21 32 55 56<\/p>\n<p><strong>Site web<\/strong>:\u00a0<a href=\"https:\/\/www.kempinski.com\/\">https:\/\/www.kempinski.com<\/a><\/p>\n<p><strong>\u00a0<\/strong><\/td>\n<td width=\"213\"><strong><em>Situ\u00e9 \u00e0 10 Km de l'a\u00e9roport , au quartier HERON <\/em><\/strong><\/td>\n<td width=\"227\"><strong><em>H\u00f4tel 5 \u00e9toiles. l'h\u00f4tel le plus cher de Djibouti<\/em><\/strong><\/td>\n<\/tr>\n<tr>\n<td width=\"184\"><strong>\u00a0<\/strong><\/p>\n<p><strong>\u00a0<\/strong><\/p>\n<p><strong>ACACIAS<\/strong><\/td>\n<td width=\"340\">ilot du H\u00e9ron\u00a0 BP 4111 Djibouti<\/p>\n<p>T\u00e9l : (+253) 21 32 78 78<\/p>\n<p>Fax : (+253) 21 32 78 79<\/p>\n<p>Email\u00a0: reservation@acaciashoteldjibouti.com<\/p>\n<p><strong>Web site<\/strong>:<a href=\"http:\/\/www.acaciashoteldjibouti.com\/\">\u00a0www.acaciashoteldjibouti.com<\/a><\/p>\n<p><strong><em>\u00a0<\/em><\/strong><\/td>\n<td width=\"213\"><strong><em>Situ\u00e9 \u00e0 10 Km de l'a\u00e9roport et au quartier HERON\u2026environ \u00e0 3 km du centre ville. quartier tr\u00e8s s\u00fbr<\/em><\/strong><\/td>\n<td width=\"227\"><strong><em>H\u00f4tel 4 \u00e9toiles. recommand\u00e9 .<\/em><\/strong><\/p>\n<p><strong><em>Bons services, s\u00fbr, propre quartier calme tr\u00e8s relaxant loin de tout bruit avec vue sur la mer<\/em><\/strong><\/td>\n<\/tr>\n<tr>\n<td width=\"184\"><strong>DJIB GUEST HOUSE<\/strong><\/td>\n<td width=\"340\">Djibouti plateau de marabout Djibouti, Djibouti<\/p>\n<p>Phone: +253 77 25 05 05<\/p>\n<p>Mail : cityguestdjibouti@gmail.com<\/td>\n<td width=\"213\"><strong><em>Situ\u00e9 \u00e0 10 Km de l'a\u00e9roport et au quartier HERON\u2026environ \u00e0 3 km du centre ville. quartier tr\u00e8s s\u00fbr<\/em><\/strong><\/td>\n<td width=\"227\"><strong><em>Recommand\u00e9 pour les voyageurs \u00e0 petit budget, tr\u00e8s s\u00fbr, propre. prix tr\u00e8s abordable et bonnes prestations<\/em><\/strong><\/td>\n<\/tr>\n<tr>\n<td width=\"184\"><strong>\u00a0<\/strong><\/p>\n<p><strong>AUBERGE HERON<\/strong><\/td>\n<td width=\"340\">Plateau du Marabout,<\/p>\n<p>T\u00e9l : (+253) 21 34 00 01\/32 43 43<\/p>\n<p>Fax : (+253) 21 35 75 00\/+253 21 35 55 01<\/p>\n<p>BP.1591<\/p>\n<p>Email\u00a0: aubergeleh\u00e9ron@intnet.com<\/td>\n<td width=\"213\"><strong><em>Situ\u00e9 \u00e0 10 Km de l'a\u00e9roport et au quartier HERON\u2026environ \u00e0 3 km du centre ville. quartier tr\u00e8s s\u00fbr<\/em><\/strong><\/td>\n<td width=\"227\"><strong><em>\u00a0<\/em><\/strong><\/p>\n<p><strong><em>Recommand\u00e9 pour les voyageurs \u00e0 petit budget<\/em><\/strong><\/td>\n<\/tr>\n<\/tbody>\n<\/table>\n<p>&nbsp;<\/p>\n<p>&nbsp;<\/p>\n<p>&nbsp;<\/p>\n<p>&nbsp;<\/p>\n<p>&nbsp;<\/p>\n<p>&nbsp;<\/p>\n<p>&nbsp;<\/p>\n<p>&nbsp;<\/p>\n<p>&nbsp;<\/p>\n<p>&nbsp;<\/p>\n<p>&nbsp;<\/p>\n<table width=\"949\">\n<tbody>\n<tr>\n<td colspan=\"4\" width=\"949\"><strong>H\u00c9BERGEMENT DANS D'AUTRES R\u00c9GIONS DE DJIBOUTI<\/strong><\/p>\n<p><strong>(en dehors de la capitale)<\/strong><\/p>\n<p>&nbsp;<\/td>\n<\/tr>\n<tr>\n<td width=\"184\"><strong><em>Nom de la r\u00e9gion<\/em><\/strong><\/td>\n<td width=\"284\"><strong><em>Nom d'h\u00f4tels <\/em><\/strong><\/td>\n<td width=\"269\"><strong><em>Hotel\u2019s Details\u00a0 <\/em><\/strong><\/td>\n<td width=\"213\"><strong><em>Recommandation<\/em><\/strong><\/td>\n<\/tr>\n<tr>\n<td rowspan=\"3\" width=\"184\"><strong>\u00a0<\/strong><\/p>\n<p><strong>\u00a0<\/strong><\/p>\n<p><strong>\u00a0<\/strong><\/p>\n<p><strong>\u00a0<\/strong><\/p>\n<p><strong>\u00a0<\/strong><\/p>\n<p><strong>\u00a0<\/strong><\/p>\n<p><strong>\u00a0<\/strong><\/p>\n<p><strong>Tadjourah <\/strong><\/p>\n<p><strong>\u00a0<\/strong><\/p>\n<p><strong><em>\u00a0<\/em><\/strong><\/td>\n<td width=\"284\">&nbsp;<\/p>\n<p><strong>CORTO-MALESE<\/strong><\/td>\n<td width=\"269\"><strong><em>\u00a0<\/em><\/strong><\/p>\n<p>Phone : +253 77 85 95 74 \/ +253 27 42 49 49\u00a0\u00a0\u00a0\u00a0\u00a0\u00a0\u00a0\u00a0\u00a0\u00a0\u00a0\u00a0\u00a0\u00a0\u00a0\u00a0\u00a0\u00a0\u00a0\u00a0\u00a0\u00a0\u00a0\u00a0\u00a0\u00a0\u00a0\u00a0\u00a0\u00a0\u00a0\u00a0\u00a0\u00a0\u00a0\u00a0\u00a0\u00a0\u00a0 \u00a0\u00a0\u00a0\u00a0\u00a0\u00a0Email : Moussaawli99@gmail.com<\/td>\n<td width=\"213\"><strong><em>Pr\u00e8s du port, service tr\u00e8s m\u00e9diocre. Logement de base. non recommand\u00e9<\/em><\/strong><\/td>\n<\/tr>\n<tr>\n<td width=\"284\"><strong>\u00a0<\/strong><\/p>\n<p><strong>\u00a0<\/strong><\/p>\n<p><strong>AUBERGE LEGOLFE<\/strong><\/td>\n<td width=\"269\">T\u00e9l: +253 77 83 95 33\/\u00a0\u00a0\u00a0\u00a0 +253 77 84 65 98\u00a0\u00a0\u00a0\u00a0\u00a0\u00a0\u00a0\u00a0\u00a0\u00a0\u00a0\u00a0\u00a0\u00a0\u00a0\u00a0\u00a0\u00a0\u00a0\u00a0\u00a0\u00a0\u00a0\u00a0\u00a0\u00a0\u00a0\u00a0\u00a0\u00a0\u00a0\u00a0\u00a0\u00a0\u00a0\u00a0\u00a0\u00a0\u00a0\u00a0\u00a0\u00a0\u00a0\u00a0\u00a0\u00a0\u00a0\u00a0\u00a0\u00a0\u00a0\u00a0\u00a0\u00a0\u00a0 email: hotrestlegolfe@hotmail.com<\/td>\n<td width=\"213\"><strong><em>Le plus ancien h\u00f4tel de Tadjourah. le propri\u00e9taire est une famille italienne et \u00e9thiopienne. Pr\u00e8s du port, service tr\u00e8s m\u00e9diocre. Logement basique (ancien). recommand\u00e9 pour le restaurant<\/em><\/strong><\/td>\n<\/tr>\n<tr>\n<td width=\"284\"><strong>\u00a0<\/strong><\/p>\n<p><strong>\u00a0<\/strong><\/p>\n<p><strong>GADILEH RESORT HOTEL<\/strong><\/td>\n<td width=\"269\">&nbsp;<\/p>\n<p>TADJOURAH. Djibouti<\/p>\n<p>T\u00e9l\u00e9phone\u00a0:\u00a0+253 27 42 45 45<\/td>\n<td width=\"213\"><strong><em>H\u00f4tel 4 \u00e9toiles. Recommand\u00e9.<\/em><\/strong><\/p>\n<p><strong><em>Bons services, s\u00fbr, propre quartier calme tr\u00e8s relaxant loin de tout bruit avec vue sur la mer<\/em><\/strong><\/td>\n<\/tr>\n<tr>\n<td rowspan=\"2\" width=\"184\"><strong>\u00a0<\/strong><\/p>\n<p><strong>DIKHIL <\/strong><\/td>\n<td width=\"284\"><strong>\u00a0<\/strong><\/p>\n<p><strong>LE PALMERAI <\/strong><\/td>\n<td width=\"269\">T\u00e9l : 00 (253) 27 42 01 64<\/td>\n<td width=\"213\"><strong><em>Ancien h\u00f4tel. mauvais service. non recommand\u00e9<\/em><\/strong><\/td>\n<\/tr>\n<tr>\n<td width=\"284\">GOBAAD<\/td>\n<td width=\"269\">t\u00e9l: +253 77 15 00 47<\/td>\n<td width=\"213\"><strong><em>Nouvel h\u00f4tel, sure et  propre <\/em><\/strong><\/td>\n<\/tr>\n<tr>\n<td width=\"184\"><strong>ALI-SABIEH<\/strong><\/td>\n<td width=\"284\"><strong>LE PALMERAI<\/strong><\/td>\n<td width=\"269\">v Adresse : Ali-Sabieh\u00a0\u00a0\u00a0\u00a0\u00a0\u00a0\u00a0\u00a0\u00a0\u00a0\u00a0\u00a0\u00a0\u00a0\u00a0\u00a0\u00a0\u00a0\u00a0\u00a0\u00a0\u00a0\u00a0\u00a0\u00a0\u00a0\u00a0\u00a0\u00a0\u00a0\u00a0\u00a0\u00a0\u00a0\u00a0\u00a0\u00a0\u00a0\u00a0\u00a0\u00a0\u00a0 T\u00e9l : 00 (253) 27 42 61 98<\/td>\n<td width=\"213\"><strong><em>Ancien h\u00f4tel. mauvais service. le seul de la r\u00e9gion <\/em><\/strong><\/td>\n<\/tr>\n<tr>\n<td width=\"184\"><strong>\u00a0<\/strong><\/p>\n<p><strong>OBOCK <\/strong><\/td>\n<td width=\"284\"><strong><em>\u00a0<\/em><\/strong><\/p>\n<p><strong><em>Village Mer Rouge<\/em><\/strong><\/td>\n<td width=\"269\"><strong><em>Adresse : Obock ville <\/em><\/strong><\/p>\n<p><strong><em>+253 77 86 28 12<\/em><\/strong><\/p>\n<p><a href=\"https:\/\/www.villagemerrouge.com\/fr\/tour\/bungalow-luxe\/\">https:\/\/www.villagemerrouge.com\/fr\/tour\/bungalow-luxe\/<\/a><\/p>\n<p><strong><em>\u00a0<\/em><\/strong><\/td>\n<td width=\"213\"><strong><em>Tr\u00e8s bien situ\u00e9, en dehors de la ville, calme reposant loin de tous les bruits avec acc\u00e8s \u00e0 une plage priv\u00e9e. Fortement recommand\u00e9<\/em><\/strong><\/td>\n<\/tr>\n<tr>\n<td width=\"184\"><strong>\u00a0<\/strong><\/p>\n<p><strong>ARTA<\/strong><\/p>\n<p><strong>\u00a0<\/strong><\/td>\n<td width=\"284\"><strong><em>\u00a0<\/em><\/strong><\/p>\n<p><strong><em>Sunny Hill center<\/em><\/strong><\/p>\n<p><strong><em>\u00a0<\/em><\/strong><\/td>\n<td width=\"269\">&nbsp;<\/p>\n<p>Tel\u00a0: 00253 27 42 21 30<\/td>\n<td width=\"213\"><strong><em>\u00a0<\/em><\/strong><\/p>\n<p><strong><em>Recommand\u00e9<\/em><\/strong><\/td>\n<\/tr>\n<\/tbody>\n<\/table>\n<p>&nbsp;<\/p>\n<p>&nbsp;<\/p>\n<p>&nbsp;<\/p>\n<table width=\"978\">\n<tbody>\n<tr>\n<td colspan=\"3\" width=\"978\"><strong><em>H\u00e9bergement dans les attractions touristiques de Djibouti <\/em><\/strong><\/p>\n<p><strong><em>\u00a0<\/em><\/strong><\/td>\n<\/tr>\n<tr>\n<td width=\"198\"><strong><em>\u00a0<\/em><\/strong><\/p>\n<p><strong><em>Nom de l'attraction touristique<\/em><\/strong><\/td>\n<td width=\"284\"><strong><em>Type\u00a0\u00a0\u00a0\u00a0\u00a0\u00a0\u00a0\u00a0\u00a0\u00a0\u00a0\u00a0\u00a0\u00a0\u00a0 de l'h\u00e9bergement<\/em><\/strong><\/p>\n<p><strong><em>\u00a0<\/em><\/strong><\/td>\n<td width=\"496\"><strong><em>Recommandation<\/em><\/strong><\/td>\n<\/tr>\n<tr>\n<td width=\"198\"><strong>\u00a0<\/strong><\/p>\n<p><strong>LAKE ABBE<\/strong><\/p>\n<p><strong><em>\u00a0<\/em><\/strong><\/td>\n<td width=\"284\"><strong>\u00a0<\/strong><\/p>\n<p><strong>CAMPSITE<\/strong><\/td>\n<td width=\"496\">LOGEMENT BASIQUE avec lit simple, matelas, couverture, tente moustiquaire, toilettes et douche communes, \u00e9lectricit\u00e9 solaire<\/td>\n<\/tr>\n<tr>\n<td width=\"198\"><strong>\u00a0<\/strong><\/p>\n<p><strong>LAKE ASSAL<\/strong><\/p>\n<p><strong><em>\u00a0<\/em><\/strong><\/td>\n<td width=\"284\"><strong>\u00a0<\/strong><\/p>\n<p>Nuit\u00e9e \u00e0 la belle \u00e9toile<\/td>\n<td width=\"496\">&nbsp;<\/p>\n<p>sac de couchage et lit picot<\/td>\n<\/tr>\n<tr>\n<td width=\"198\"><strong>\u00a0<\/strong><\/p>\n<p><strong>GHOUBET BEACH<\/strong><\/p>\n<p><strong>\u00a0<\/strong><\/td>\n<td width=\"284\">&nbsp;<\/p>\n<p>CAMPSITE<\/td>\n<td width=\"496\">LOGEMENT BASIQUE avec lit simple, matelas, couverture, tente moustiquaire, toilettes et douche communes, \u00e9lectricit\u00e9 solaire.<\/td>\n<\/tr>\n<tr>\n<td width=\"198\"><strong>\u00a0<\/strong><\/p>\n<p><strong>DAY FOREST <\/strong><\/p>\n<p><strong>\u00a0<\/strong><\/td>\n<td width=\"284\">&nbsp;<\/p>\n<p>CAMPSITE<\/td>\n<td width=\"496\">LOGEMENT BASIQUE avec lit simple, matelas, couverture, tente moustiquaire, toilettes et douche communes, \u00e9lectricit\u00e9.<\/td>\n<\/tr>\n<tr>\n<td width=\"198\"><strong>\u00a0<\/strong><\/p>\n<p><strong>DITHILOU<\/strong><\/p>\n<p><strong>\u00a0<\/strong><\/td>\n<td width=\"284\">&nbsp;<\/p>\n<p>CAMPSITE<\/td>\n<td width=\"496\">LOGEMENT BASIQUE avec lit simple, matelas, couverture, tente moustiquaire, toilettes et douche communes, \u00e9lectricit\u00e9 solaire.<\/td>\n<\/tr>\n<tr>\n<td width=\"198\"><strong>\u00a0<\/strong><\/p>\n<p><strong>GODORIA <\/strong><\/p>\n<p><strong>\u00a0<\/strong><\/td>\n<td width=\"284\">&nbsp;<\/p>\n<p>CAMPSITE<\/td>\n<td width=\"496\">H\u00c9BERGEMENT DE BASE avec lit simple, matelas, couverture, tente anti-moustiques, toilettes et douche communes.<\/td>\n<\/tr>\n<tr>\n<td width=\"198\"><strong>\u00a0<\/strong><\/p>\n<p><strong>ALLOLS<\/strong><\/p>\n<p><strong>\u00a0<\/strong><\/td>\n<td width=\"284\"><strong>\u00a0<\/strong><\/p>\n<p>Nuit\u00e9e \u00e0 la belle \u00e9toile<\/td>\n<td width=\"496\">&nbsp;<\/p>\n<p>sac de couchage et lit picot<\/td>\n<\/tr>\n<tr>\n<td width=\"198\"><strong>\u00a0<\/strong><\/p>\n<p><strong>BANKOUALEH<\/strong><\/p>\n<p><strong>\u00a0<\/strong><\/td>\n<td width=\"284\"><strong>\u00a0<\/strong><\/p>\n<p>CAMPSITE<\/td>\n<td width=\"496\">LOGEMENT BASIQUE avec lit simple, matelas, couverture, tente moustiquaire, toilettes et douche communes, \u00e9lectricit\u00e9 solaire.<\/td>\n<\/tr>\n<\/tbody>\n<\/table>\n<p>&nbsp;<\/p>","protected":false},"excerpt":{"rendered":"<p>Discounted Hotel Rates in Djibouti with Massigo Travel Planning a visit to Djibouti and looking for affordable and comfortable accommodation options? Look no further! Massigo Travel is here to provide you with\u00a0discounted rates\u00a0for a range of hotels in various locations across Djibouti. Whether you\u2019re staying in the capital city, near the airport, or exploring the<\/p>","protected":false},"author":1,"featured_media":0,"parent":0,"menu_order":0,"comment_status":"closed","ping_status":"closed","template":"","meta":{"_acf_changed":false,"dwc-title":[],"dwc-content":[],"inline_featured_image":false,"_monsterinsights_skip_tracking":false,"_monsterinsights_sitenote_active":false,"_monsterinsights_sitenote_note":"","_monsterinsights_sitenote_category":0,"footnotes":""},"class_list":["post-2077","page","type-page","status-publish","hentry"],"acf":[],"yoast_head":"<!-- This site is optimized with the Yoast SEO plugin v27.2 - https:\/\/yoast.com\/product\/yoast-seo-wordpress\/ -->\n<title>Hotel Booking - Massigo Travel - Djibouti Tour Packages<\/title>\n<meta name=\"robots\" content=\"index, follow, max-snippet:-1, max-image-preview:large, max-video-preview:-1\" \/>\n<link rel=\"canonical\" href=\"https:\/\/www.travel2djibouti.com\/fr\/hotel-booking\/\" \/>\n<meta property=\"og:locale\" content=\"fr_FR\" \/>\n<meta property=\"og:type\" content=\"article\" \/>\n<meta property=\"og:title\" content=\"Hotel Booking - Massigo Travel - Djibouti Tour Packages\" \/>\n<meta property=\"og:description\" content=\"Discounted Hotel Rates in Djibouti with Massigo Travel Planning a visit to Djibouti and looking for affordable and comfortable accommodation options? Look no further! Massigo Travel is here to provide you with\u00a0discounted rates\u00a0for a range of hotels in various locations across Djibouti. Whether you\u2019re staying in the capital city, near the airport, or exploring the\" \/>\n<meta property=\"og:url\" content=\"https:\/\/www.travel2djibouti.com\/fr\/hotel-booking\/\" \/>\n<meta property=\"og:site_name\" content=\"Massigo Travel\" \/>\n<meta property=\"article:modified_time\" content=\"2023-07-28T05:04:16+00:00\" \/>\n<meta name=\"twitter:card\" content=\"summary_large_image\" \/>\n<meta name=\"twitter:label1\" content=\"Dur\u00e9e de lecture estim\u00e9e\" \/>\n\t<meta name=\"twitter:data1\" content=\"1 minute\" \/>\n<script type=\"application\/ld+json\" class=\"yoast-schema-graph\">{\"@context\":\"https:\/\/schema.org\",\"@graph\":[{\"@type\":\"WebPage\",\"@id\":\"https:\/\/www.travel2djibouti.com\/hotel-booking\/\",\"url\":\"https:\/\/www.travel2djibouti.com\/hotel-booking\/\",\"name\":\"Hotel Booking - Massigo Travel - Djibouti Tour Packages\",\"isPartOf\":{\"@id\":\"https:\/\/www.travel2djibouti.com\/#website\"},\"datePublished\":\"2023-06-06T08:23:35+00:00\",\"dateModified\":\"2023-07-28T05:04:16+00:00\",\"inLanguage\":\"fr-FR\",\"potentialAction\":[{\"@type\":\"ReadAction\",\"target\":[\"https:\/\/www.travel2djibouti.com\/hotel-booking\/\"]}]},{\"@type\":\"WebSite\",\"@id\":\"https:\/\/www.travel2djibouti.com\/#website\",\"url\":\"https:\/\/www.travel2djibouti.com\/\",\"name\":\"Massigo Travel\",\"description\":\"Best Tour \/Excursions Operator in Djibouti\",\"publisher\":{\"@id\":\"https:\/\/www.travel2djibouti.com\/#organization\"},\"potentialAction\":[{\"@type\":\"SearchAction\",\"target\":{\"@type\":\"EntryPoint\",\"urlTemplate\":\"https:\/\/www.travel2djibouti.com\/?s={search_term_string}\"},\"query-input\":{\"@type\":\"PropertyValueSpecification\",\"valueRequired\":true,\"valueName\":\"search_term_string\"}}],\"inLanguage\":\"fr-FR\"},{\"@type\":\"Organization\",\"@id\":\"https:\/\/www.travel2djibouti.com\/#organization\",\"name\":\"Massigo Travel\",\"url\":\"https:\/\/www.travel2djibouti.com\/\",\"logo\":{\"@type\":\"ImageObject\",\"inLanguage\":\"fr-FR\",\"@id\":\"https:\/\/www.travel2djibouti.com\/#\/schema\/logo\/image\/\",\"url\":\"https:\/\/www.travel2djibouti.com\/wp-content\/uploads\/2023\/06\/Massigo-Travel-Logo.png\",\"contentUrl\":\"https:\/\/www.travel2djibouti.com\/wp-content\/uploads\/2023\/06\/Massigo-Travel-Logo.png\",\"width\":308,\"height\":60,\"caption\":\"Massigo Travel\"},\"image\":{\"@id\":\"https:\/\/www.travel2djibouti.com\/#\/schema\/logo\/image\/\"}}]}<\/script>\n<!-- \/ Yoast SEO plugin. -->","yoast_head_json":{"title":"Hotel Booking - Massigo Travel - Djibouti Tour Packages","robots":{"index":"index","follow":"follow","max-snippet":"max-snippet:-1","max-image-preview":"max-image-preview:large","max-video-preview":"max-video-preview:-1"},"canonical":"https:\/\/www.travel2djibouti.com\/fr\/hotel-booking\/","og_locale":"fr_FR","og_type":"article","og_title":"Hotel Booking - Massigo Travel - Djibouti Tour Packages","og_description":"Discounted Hotel Rates in Djibouti with Massigo Travel Planning a visit to Djibouti and looking for affordable and comfortable accommodation options? Look no further! Massigo Travel is here to provide you with\u00a0discounted rates\u00a0for a range of hotels in various locations across Djibouti. Whether you\u2019re staying in the capital city, near the airport, or exploring the","og_url":"https:\/\/www.travel2djibouti.com\/fr\/hotel-booking\/","og_site_name":"Massigo Travel","article_modified_time":"2023-07-28T05:04:16+00:00","twitter_card":"summary_large_image","twitter_misc":{"Dur\u00e9e de lecture estim\u00e9e":"1 minute"},"schema":{"@context":"https:\/\/schema.org","@graph":[{"@type":"WebPage","@id":"https:\/\/www.travel2djibouti.com\/hotel-booking\/","url":"https:\/\/www.travel2djibouti.com\/hotel-booking\/","name":"Hotel Booking - Massigo Travel - Djibouti Tour Packages","isPartOf":{"@id":"https:\/\/www.travel2djibouti.com\/#website"},"datePublished":"2023-06-06T08:23:35+00:00","dateModified":"2023-07-28T05:04:16+00:00","inLanguage":"fr-FR","potentialAction":[{"@type":"ReadAction","target":["https:\/\/www.travel2djibouti.com\/hotel-booking\/"]}]},{"@type":"WebSite","@id":"https:\/\/www.travel2djibouti.com\/#website","url":"https:\/\/www.travel2djibouti.com\/","name":"Massigo Travel","description":"Best Tour \/Excursions Operator in Djibouti","publisher":{"@id":"https:\/\/www.travel2djibouti.com\/#organization"},"potentialAction":[{"@type":"SearchAction","target":{"@type":"EntryPoint","urlTemplate":"https:\/\/www.travel2djibouti.com\/?s={search_term_string}"},"query-input":{"@type":"PropertyValueSpecification","valueRequired":true,"valueName":"search_term_string"}}],"inLanguage":"fr-FR"},{"@type":"Organization","@id":"https:\/\/www.travel2djibouti.com\/#organization","name":"Massigo Travel","url":"https:\/\/www.travel2djibouti.com\/","logo":{"@type":"ImageObject","inLanguage":"fr-FR","@id":"https:\/\/www.travel2djibouti.com\/#\/schema\/logo\/image\/","url":"https:\/\/www.travel2djibouti.com\/wp-content\/uploads\/2023\/06\/Massigo-Travel-Logo.png","contentUrl":"https:\/\/www.travel2djibouti.com\/wp-content\/uploads\/2023\/06\/Massigo-Travel-Logo.png","width":308,"height":60,"caption":"Massigo Travel"},"image":{"@id":"https:\/\/www.travel2djibouti.com\/#\/schema\/logo\/image\/"}}]}},"_links":{"self":[{"href":"https:\/\/www.travel2djibouti.com\/fr\/wp-json\/wp\/v2\/pages\/2077","targetHints":{"allow":["GET"]}}],"collection":[{"href":"https:\/\/www.travel2djibouti.com\/fr\/wp-json\/wp\/v2\/pages"}],"about":[{"href":"https:\/\/www.travel2djibouti.com\/fr\/wp-json\/wp\/v2\/types\/page"}],"author":[{"embeddable":true,"href":"https:\/\/www.travel2djibouti.com\/fr\/wp-json\/wp\/v2\/users\/1"}],"replies":[{"embeddable":true,"href":"https:\/\/www.travel2djibouti.com\/fr\/wp-json\/wp\/v2\/comments?post=2077"}],"version-history":[{"count":0,"href":"https:\/\/www.travel2djibouti.com\/fr\/wp-json\/wp\/v2\/pages\/2077\/revisions"}],"wp:attachment":[{"href":"https:\/\/www.travel2djibouti.com\/fr\/wp-json\/wp\/v2\/media?parent=2077"}],"curies":[{"name":"wp","href":"https:\/\/api.w.org\/{rel}","templated":true}]}}