{"id":1863,"date":"2023-06-05T09:16:04","date_gmt":"2023-06-05T09:16:04","guid":{"rendered":"https:\/\/www.travel2djibouti.com\/?page_id=1863"},"modified":"2023-07-28T05:52:56","modified_gmt":"2023-07-28T05:52:56","slug":"mousha-maskali-islands","status":"publish","type":"page","link":"https:\/\/www.travel2djibouti.com\/fr\/mousha-maskali-islands\/","title":{"rendered":"MOUSHA &#038; Maskali islands"},"content":{"rendered":"<div data-elementor-type=\"wp-page\" data-elementor-id=\"1863\" class=\"elementor elementor-1863\">\n\t\t\t\t\t\t<section class=\"elementor-section elementor-top-section elementor-element elementor-element-4c3aca4a elementor-section-boxed elementor-section-height-default elementor-section-height-default\" data-id=\"4c3aca4a\" data-element_type=\"section\" data-e-type=\"section\">\n\t\t\t\t\t\t<div class=\"elementor-container elementor-column-gap-default\">\n\t\t\t\t\t<div class=\"elementor-column elementor-col-100 elementor-top-column elementor-element elementor-element-6ed9a3ea\" data-id=\"6ed9a3ea\" data-element_type=\"column\" data-e-type=\"column\">\n\t\t\t<div class=\"elementor-widget-wrap elementor-element-populated\">\n\t\t\t\t\t\t<div class=\"elementor-element elementor-element-480c438d elementor-widget elementor-widget-text-editor\" data-id=\"480c438d\" data-element_type=\"widget\" data-e-type=\"widget\" data-widget_type=\"text-editor.default\">\n\t\t\t\t<div class=\"elementor-widget-container\">\n\t\t\t\t\t\t\t\t\tCette \u00eele pittoresque est connue pour sa vie marine \u00e9poustouflante, ses plages immacul\u00e9es et ses paysages \u00e0 couper le souffle. Rejoignez-nous alors que nous embarquons pour un voyage \u00e0 la d\u00e9couverte de la beaut\u00e9 enchanteresse de l'\u00eele de Mousha.\r\n\r\n<strong>Un paradis marin<\/strong>\r\n\r\nL'\u00eele de Mousha est un paradis pour les passionn\u00e9s de la mer et les amoureux de la nature. Plongez dans les eaux cristallines qui entourent l'\u00eele et d\u00e9couvrez l'\u00e9cosyst\u00e8me marin dynamique et diversifi\u00e9. Laissez-vous surprendre par les coraux florissants, les poissons color\u00e9s et d'autres cr\u00e9atures marines fascinantes qui habitent cette \u00eele.\r\n\r\n<strong>Mangroves et merveilles \u00e9cologiques<\/strong>\r\n\r\nExplorez les mangroves luxuriantes qui bordent l'\u00eele, cr\u00e9ant un habitat unique et \u00e9cologiquement significatif. Promenez-vous tranquillement dans ces for\u00eats enchanteresses et plongez dans un environnement paisible. L'\u00eele de Mousha est un sanctuaire pour diverses esp\u00e8ces d'oiseaux et constitue un lieu de nidification pour les tortues marines en voie de disparition.\r\n\r\n<strong>Plong\u00e9e en apn\u00e9e et plong\u00e9e<\/strong>\r\n\r\nD\u00e9couvrez le frisson de la plong\u00e9e en apn\u00e9e et de la plong\u00e9e dans les eaux cristallines entourant l'\u00eele de Mousha. D\u00e9couvrez les merveilles sous-marines en nageant parmi les bancs de poissons tropicaux et explorez les r\u00e9cifs coralliens vibrants. Que vous soyez plongeur d\u00e9butant ou exp\u00e9riment\u00e9, l'\u00eele de Mousha vous propose des aventures sous-marines inoubliables.\r\n\r\n<strong>D\u00e9tente sur les plages de sable blanc<\/strong>\r\n\r\nOffrez-vous la d\u00e9tente et la tranquillit\u00e9 sur les plages de sable blanc de l'\u00eele de Mousha. D\u00e9tendez-vous sous le chaud soleil, faites un plongeon rafra\u00eechissant dans les eaux turquoises ou profitez simplement d'une promenade tranquille le long du rivage. L'ambiance sereine et la beaut\u00e9 naturelle de l'\u00eele cr\u00e9ent le cadre id\u00e9al pour une escapade paisible.\n\nL'\u00eele de Mousha est un paradis qui attend d'\u00eatre explor\u00e9. Avec sa vie marine florissante, ses plages pittoresques, elle offre un voyage vraiment inoubliable.\r\n\r\n&nbsp;\r\n\r\n&nbsp;\r\n\r\n&nbsp;\t\t\t\t\t\t\t\t<\/div>\n\t\t\t\t<\/div>\n\t\t\t\t\t<\/div>\n\t\t<\/div>\n\t\t\t\t\t<\/div>\n\t\t<\/section>\n\t\t\t\t<section class=\"elementor-section elementor-top-section elementor-element elementor-element-53544a3 elementor-section-boxed elementor-section-height-default elementor-section-height-default\" data-id=\"53544a3\" data-element_type=\"section\" data-e-type=\"section\">\n\t\t\t\t\t\t<div class=\"elementor-container elementor-column-gap-default\">\n\t\t\t\t\t<div class=\"elementor-column elementor-col-100 elementor-top-column elementor-element elementor-element-e255da2\" data-id=\"e255da2\" data-element_type=\"column\" data-e-type=\"column\">\n\t\t\t<div class=\"elementor-widget-wrap elementor-element-populated\">\n\t\t\t\t\t\t<div class=\"elementor-element elementor-element-57fb672 elementor-widget elementor-widget-gallery\" data-id=\"57fb672\" data-element_type=\"widget\" data-e-type=\"widget\" data-settings=\"{&quot;lazyload&quot;:&quot;yes&quot;,&quot;gallery_layout&quot;:&quot;grid&quot;,&quot;columns&quot;:4,&quot;columns_tablet&quot;:2,&quot;columns_mobile&quot;:1,&quot;gap&quot;:{&quot;unit&quot;:&quot;px&quot;,&quot;size&quot;:10,&quot;sizes&quot;:[]},&quot;gap_tablet&quot;:{&quot;unit&quot;:&quot;px&quot;,&quot;size&quot;:10,&quot;sizes&quot;:[]},&quot;gap_mobile&quot;:{&quot;unit&quot;:&quot;px&quot;,&quot;size&quot;:10,&quot;sizes&quot;:[]},&quot;link_to&quot;:&quot;file&quot;,&quot;aspect_ratio&quot;:&quot;3:2&quot;,&quot;overlay_background&quot;:&quot;yes&quot;,&quot;content_hover_animation&quot;:&quot;fade-in&quot;}\" data-widget_type=\"gallery.default\">\n\t\t\t\t<div class=\"elementor-widget-container\">\n\t\t\t\t\t\t\t<div class=\"elementor-gallery__container\">\n\t\t\t\t\t\t\t<a class=\"e-gallery-item elementor-gallery-item elementor-animated-content\" href=\"https:\/\/www.travel2djibouti.com\/wp-content\/uploads\/2023\/06\/speedboat-to-mousha.jpeg\" data-elementor-open-lightbox=\"yes\" data-elementor-lightbox-slideshow=\"all-57fb672\" data-elementor-lightbox-title=\"speedboat to mousha\" data-e-action-hash=\"#elementor-action%3Aaction%3Dlightbox%26settings%3DeyJpZCI6MjI5NSwidXJsIjoiaHR0cHM6XC9cL3d3dy50cmF2ZWwyZGppYm91dGkuY29tXC93cC1jb250ZW50XC91cGxvYWRzXC8yMDIzXC8wNlwvc3BlZWRib2F0LXRvLW1vdXNoYS5qcGVnIiwic2xpZGVzaG93IjoiYWxsLTU3ZmI2NzIifQ%3D%3D\">\n\t\t\t\t\t<div class=\"e-gallery-image elementor-gallery-item__image\" data-thumbnail=\"https:\/\/www.travel2djibouti.com\/wp-content\/uploads\/2023\/06\/speedboat-to-mousha-300x225.jpeg\" data-width=\"300\" data-height=\"225\" alt=\"\" ><\/div>\n\t\t\t\t\t\t\t\t\t\t\t<div class=\"elementor-gallery-item__overlay\"><\/div>\n\t\t\t\t\t\t\t\t\t\t\t\t\t\t<\/a>\n\t\t\t\t\t\t\t<a class=\"e-gallery-item elementor-gallery-item elementor-animated-content\" href=\"https:\/\/www.travel2djibouti.com\/wp-content\/uploads\/2023\/06\/spboat-to-mousha-1.jpeg\" data-elementor-open-lightbox=\"yes\" data-elementor-lightbox-slideshow=\"all-57fb672\" data-elementor-lightbox-title=\"spboat to mousha 1\" data-e-action-hash=\"#elementor-action%3Aaction%3Dlightbox%26settings%3DeyJpZCI6MjI5NCwidXJsIjoiaHR0cHM6XC9cL3d3dy50cmF2ZWwyZGppYm91dGkuY29tXC93cC1jb250ZW50XC91cGxvYWRzXC8yMDIzXC8wNlwvc3Bib2F0LXRvLW1vdXNoYS0xLmpwZWciLCJzbGlkZXNob3ciOiJhbGwtNTdmYjY3MiJ9\">\n\t\t\t\t\t<div class=\"e-gallery-image elementor-gallery-item__image\" data-thumbnail=\"https:\/\/www.travel2djibouti.com\/wp-content\/uploads\/2023\/06\/spboat-to-mousha-1-300x225.jpeg\" data-width=\"300\" data-height=\"225\" alt=\"\" ><\/div>\n\t\t\t\t\t\t\t\t\t\t\t<div class=\"elementor-gallery-item__overlay\"><\/div>\n\t\t\t\t\t\t\t\t\t\t\t\t\t\t<\/a>\n\t\t\t\t\t\t\t<a class=\"e-gallery-item elementor-gallery-item elementor-animated-content\" href=\"https:\/\/www.travel2djibouti.com\/wp-content\/uploads\/2023\/06\/mousha0.jpeg\" data-elementor-open-lightbox=\"yes\" data-elementor-lightbox-slideshow=\"all-57fb672\" data-elementor-lightbox-title=\"mousha0\" data-e-action-hash=\"#elementor-action%3Aaction%3Dlightbox%26settings%3DeyJpZCI6MjI4NSwidXJsIjoiaHR0cHM6XC9cL3d3dy50cmF2ZWwyZGppYm91dGkuY29tXC93cC1jb250ZW50XC91cGxvYWRzXC8yMDIzXC8wNlwvbW91c2hhMC5qcGVnIiwic2xpZGVzaG93IjoiYWxsLTU3ZmI2NzIifQ%3D%3D\">\n\t\t\t\t\t<div class=\"e-gallery-image elementor-gallery-item__image\" data-thumbnail=\"https:\/\/www.travel2djibouti.com\/wp-content\/uploads\/2023\/06\/mousha0-225x300.jpeg\" data-width=\"225\" data-height=\"300\" alt=\"\" ><\/div>\n\t\t\t\t\t\t\t\t\t\t\t<div class=\"elementor-gallery-item__overlay\"><\/div>\n\t\t\t\t\t\t\t\t\t\t\t\t\t\t<\/a>\n\t\t\t\t\t\t\t<a class=\"e-gallery-item elementor-gallery-item elementor-animated-content\" href=\"https:\/\/www.travel2djibouti.com\/wp-content\/uploads\/2023\/06\/mousha-mangrove-5.jpeg\" data-elementor-open-lightbox=\"yes\" data-elementor-lightbox-slideshow=\"all-57fb672\" data-elementor-lightbox-title=\"mousha mangrove 5\" data-e-action-hash=\"#elementor-action%3Aaction%3Dlightbox%26settings%3DeyJpZCI6MjI4NCwidXJsIjoiaHR0cHM6XC9cL3d3dy50cmF2ZWwyZGppYm91dGkuY29tXC93cC1jb250ZW50XC91cGxvYWRzXC8yMDIzXC8wNlwvbW91c2hhLW1hbmdyb3ZlLTUuanBlZyIsInNsaWRlc2hvdyI6ImFsbC01N2ZiNjcyIn0%3D\">\n\t\t\t\t\t<div class=\"e-gallery-image elementor-gallery-item__image\" data-thumbnail=\"https:\/\/www.travel2djibouti.com\/wp-content\/uploads\/2023\/06\/mousha-mangrove-5-225x300.jpeg\" data-width=\"225\" data-height=\"300\" alt=\"\" ><\/div>\n\t\t\t\t\t\t\t\t\t\t\t<div class=\"elementor-gallery-item__overlay\"><\/div>\n\t\t\t\t\t\t\t\t\t\t\t\t\t\t<\/a>\n\t\t\t\t\t\t\t<a class=\"e-gallery-item elementor-gallery-item elementor-animated-content\" href=\"https:\/\/www.travel2djibouti.com\/wp-content\/uploads\/2023\/06\/mousha-mangrove-4.jpeg\" data-elementor-open-lightbox=\"yes\" data-elementor-lightbox-slideshow=\"all-57fb672\" data-elementor-lightbox-title=\"mousha mangrove 4\" data-e-action-hash=\"#elementor-action%3Aaction%3Dlightbox%26settings%3DeyJpZCI6MjI4MywidXJsIjoiaHR0cHM6XC9cL3d3dy50cmF2ZWwyZGppYm91dGkuY29tXC93cC1jb250ZW50XC91cGxvYWRzXC8yMDIzXC8wNlwvbW91c2hhLW1hbmdyb3ZlLTQuanBlZyIsInNsaWRlc2hvdyI6ImFsbC01N2ZiNjcyIn0%3D\">\n\t\t\t\t\t<div class=\"e-gallery-image elementor-gallery-item__image\" data-thumbnail=\"https:\/\/www.travel2djibouti.com\/wp-content\/uploads\/2023\/06\/mousha-mangrove-4-225x300.jpeg\" data-width=\"225\" data-height=\"300\" alt=\"\" ><\/div>\n\t\t\t\t\t\t\t\t\t\t\t<div class=\"elementor-gallery-item__overlay\"><\/div>\n\t\t\t\t\t\t\t\t\t\t\t\t\t\t<\/a>\n\t\t\t\t\t\t\t<a class=\"e-gallery-item elementor-gallery-item elementor-animated-content\" href=\"https:\/\/www.travel2djibouti.com\/wp-content\/uploads\/2023\/06\/mousha-mangrove-2.jpeg\" data-elementor-open-lightbox=\"yes\" data-elementor-lightbox-slideshow=\"all-57fb672\" data-elementor-lightbox-title=\"mousha mangrove 2\" data-e-action-hash=\"#elementor-action%3Aaction%3Dlightbox%26settings%3DeyJpZCI6MjI4MSwidXJsIjoiaHR0cHM6XC9cL3d3dy50cmF2ZWwyZGppYm91dGkuY29tXC93cC1jb250ZW50XC91cGxvYWRzXC8yMDIzXC8wNlwvbW91c2hhLW1hbmdyb3ZlLTIuanBlZyIsInNsaWRlc2hvdyI6ImFsbC01N2ZiNjcyIn0%3D\">\n\t\t\t\t\t<div class=\"e-gallery-image elementor-gallery-item__image\" data-thumbnail=\"https:\/\/www.travel2djibouti.com\/wp-content\/uploads\/2023\/06\/mousha-mangrove-2-300x225.jpeg\" data-width=\"300\" data-height=\"225\" alt=\"\" ><\/div>\n\t\t\t\t\t\t\t\t\t\t\t<div class=\"elementor-gallery-item__overlay\"><\/div>\n\t\t\t\t\t\t\t\t\t\t\t\t\t\t<\/a>\n\t\t\t\t\t\t\t<a class=\"e-gallery-item elementor-gallery-item elementor-animated-content\" href=\"https:\/\/www.travel2djibouti.com\/wp-content\/uploads\/2023\/06\/mousha-mangrove-1.jpeg\" data-elementor-open-lightbox=\"yes\" data-elementor-lightbox-slideshow=\"all-57fb672\" data-elementor-lightbox-title=\"mousha mangrove 1\" data-e-action-hash=\"#elementor-action%3Aaction%3Dlightbox%26settings%3DeyJpZCI6MjI4MCwidXJsIjoiaHR0cHM6XC9cL3d3dy50cmF2ZWwyZGppYm91dGkuY29tXC93cC1jb250ZW50XC91cGxvYWRzXC8yMDIzXC8wNlwvbW91c2hhLW1hbmdyb3ZlLTEuanBlZyIsInNsaWRlc2hvdyI6ImFsbC01N2ZiNjcyIn0%3D\">\n\t\t\t\t\t<div class=\"e-gallery-image elementor-gallery-item__image\" data-thumbnail=\"https:\/\/www.travel2djibouti.com\/wp-content\/uploads\/2023\/06\/mousha-mangrove-1-300x225.jpeg\" data-width=\"300\" data-height=\"225\" alt=\"\" ><\/div>\n\t\t\t\t\t\t\t\t\t\t\t<div class=\"elementor-gallery-item__overlay\"><\/div>\n\t\t\t\t\t\t\t\t\t\t\t\t\t\t<\/a>\n\t\t\t\t\t\t\t<a class=\"e-gallery-item elementor-gallery-item elementor-animated-content\" href=\"https:\/\/www.travel2djibouti.com\/wp-content\/uploads\/2023\/06\/mousha-fishing-1.jpeg\" data-elementor-open-lightbox=\"yes\" data-elementor-lightbox-slideshow=\"all-57fb672\" data-elementor-lightbox-title=\"mousha fishing\" data-e-action-hash=\"#elementor-action%3Aaction%3Dlightbox%26settings%3DeyJpZCI6MjI3OSwidXJsIjoiaHR0cHM6XC9cL3d3dy50cmF2ZWwyZGppYm91dGkuY29tXC93cC1jb250ZW50XC91cGxvYWRzXC8yMDIzXC8wNlwvbW91c2hhLWZpc2hpbmctMS5qcGVnIiwic2xpZGVzaG93IjoiYWxsLTU3ZmI2NzIifQ%3D%3D\">\n\t\t\t\t\t<div class=\"e-gallery-image elementor-gallery-item__image\" data-thumbnail=\"https:\/\/www.travel2djibouti.com\/wp-content\/uploads\/2023\/06\/mousha-fishing-1-300x225.jpeg\" data-width=\"300\" data-height=\"225\" alt=\"\" ><\/div>\n\t\t\t\t\t\t\t\t\t\t\t<div class=\"elementor-gallery-item__overlay\"><\/div>\n\t\t\t\t\t\t\t\t\t\t\t\t\t\t<\/a>\n\t\t\t\t\t\t\t<a class=\"e-gallery-item elementor-gallery-item elementor-animated-content\" href=\"https:\/\/www.travel2djibouti.com\/wp-content\/uploads\/2023\/06\/mousha-6.jpeg\" data-elementor-open-lightbox=\"yes\" data-elementor-lightbox-slideshow=\"all-57fb672\" data-elementor-lightbox-title=\"mousha 6\" data-e-action-hash=\"#elementor-action%3Aaction%3Dlightbox%26settings%3DeyJpZCI6MjI3NywidXJsIjoiaHR0cHM6XC9cL3d3dy50cmF2ZWwyZGppYm91dGkuY29tXC93cC1jb250ZW50XC91cGxvYWRzXC8yMDIzXC8wNlwvbW91c2hhLTYuanBlZyIsInNsaWRlc2hvdyI6ImFsbC01N2ZiNjcyIn0%3D\">\n\t\t\t\t\t<div class=\"e-gallery-image elementor-gallery-item__image\" data-thumbnail=\"https:\/\/www.travel2djibouti.com\/wp-content\/uploads\/2023\/06\/mousha-6-225x300.jpeg\" data-width=\"225\" data-height=\"300\" alt=\"\" ><\/div>\n\t\t\t\t\t\t\t\t\t\t\t<div class=\"elementor-gallery-item__overlay\"><\/div>\n\t\t\t\t\t\t\t\t\t\t\t\t\t\t<\/a>\n\t\t\t\t\t<\/div>\n\t\t\t\t\t<\/div>\n\t\t\t\t<\/div>\n\t\t\t\t\t<\/div>\n\t\t<\/div>\n\t\t\t\t\t<\/div>\n\t\t<\/section>\n\t\t\t\t<\/div>","protected":false},"excerpt":{"rendered":"<p>This picturesque island is known for its stunning marine life, pristine beaches, and breathtaking landscapes. Join us as we embark on a journey to discover the enchanting beauty of Mousha Island. A Marine Paradise Mousha Island is a haven for marine enthusiasts and nature lovers. Dive into the crystal-clear waters surrounding the island and witness<\/p>","protected":false},"author":1,"featured_media":0,"parent":0,"menu_order":0,"comment_status":"closed","ping_status":"closed","template":"","meta":{"_acf_changed":false,"dwc-title":[],"dwc-content":[],"inline_featured_image":false,"_monsterinsights_skip_tracking":false,"_monsterinsights_sitenote_active":false,"_monsterinsights_sitenote_note":"","_monsterinsights_sitenote_category":0,"footnotes":""},"class_list":["post-1863","page","type-page","status-publish","hentry"],"acf":[],"yoast_head":"<!-- This site is optimized with the Yoast SEO plugin v27.2 - https:\/\/yoast.com\/product\/yoast-seo-wordpress\/ -->\n<title>MOUSHA &amp; Maskali islands - Massigo Travel - Djibouti Tour Packages<\/title>\n<meta name=\"robots\" content=\"index, follow, max-snippet:-1, max-image-preview:large, max-video-preview:-1\" \/>\n<link rel=\"canonical\" href=\"https:\/\/www.travel2djibouti.com\/fr\/mousha-maskali-islands\/\" \/>\n<meta property=\"og:locale\" content=\"fr_FR\" \/>\n<meta property=\"og:type\" content=\"article\" \/>\n<meta property=\"og:title\" content=\"MOUSHA &amp; Maskali islands - Massigo Travel - Djibouti Tour Packages\" \/>\n<meta property=\"og:description\" content=\"This picturesque island is known for its stunning marine life, pristine beaches, and breathtaking landscapes. Join us as we embark on a journey to discover the enchanting beauty of Mousha Island. A Marine Paradise Mousha Island is a haven for marine enthusiasts and nature lovers. Dive into the crystal-clear waters surrounding the island and witness\" \/>\n<meta property=\"og:url\" content=\"https:\/\/www.travel2djibouti.com\/fr\/mousha-maskali-islands\/\" \/>\n<meta property=\"og:site_name\" content=\"Massigo Travel\" \/>\n<meta property=\"article:modified_time\" content=\"2023-07-28T05:52:56+00:00\" \/>\n<meta name=\"twitter:card\" content=\"summary_large_image\" \/>\n<meta name=\"twitter:label1\" content=\"Dur\u00e9e de lecture estim\u00e9e\" \/>\n\t<meta name=\"twitter:data1\" content=\"2 minutes\" \/>\n<script type=\"application\/ld+json\" class=\"yoast-schema-graph\">{\"@context\":\"https:\/\/schema.org\",\"@graph\":[{\"@type\":\"WebPage\",\"@id\":\"https:\/\/www.travel2djibouti.com\/mousha-maskali-islands\/\",\"url\":\"https:\/\/www.travel2djibouti.com\/mousha-maskali-islands\/\",\"name\":\"MOUSHA & Maskali islands - Massigo Travel - Djibouti Tour Packages\",\"isPartOf\":{\"@id\":\"https:\/\/www.travel2djibouti.com\/#website\"},\"datePublished\":\"2023-06-05T09:16:04+00:00\",\"dateModified\":\"2023-07-28T05:52:56+00:00\",\"inLanguage\":\"fr-FR\",\"potentialAction\":[{\"@type\":\"ReadAction\",\"target\":[\"https:\/\/www.travel2djibouti.com\/mousha-maskali-islands\/\"]}]},{\"@type\":\"WebSite\",\"@id\":\"https:\/\/www.travel2djibouti.com\/#website\",\"url\":\"https:\/\/www.travel2djibouti.com\/\",\"name\":\"Massigo Travel\",\"description\":\"Best Tour \/Excursions Operator in Djibouti\",\"publisher\":{\"@id\":\"https:\/\/www.travel2djibouti.com\/#organization\"},\"potentialAction\":[{\"@type\":\"SearchAction\",\"target\":{\"@type\":\"EntryPoint\",\"urlTemplate\":\"https:\/\/www.travel2djibouti.com\/?s={search_term_string}\"},\"query-input\":{\"@type\":\"PropertyValueSpecification\",\"valueRequired\":true,\"valueName\":\"search_term_string\"}}],\"inLanguage\":\"fr-FR\"},{\"@type\":\"Organization\",\"@id\":\"https:\/\/www.travel2djibouti.com\/#organization\",\"name\":\"Massigo Travel\",\"url\":\"https:\/\/www.travel2djibouti.com\/\",\"logo\":{\"@type\":\"ImageObject\",\"inLanguage\":\"fr-FR\",\"@id\":\"https:\/\/www.travel2djibouti.com\/#\/schema\/logo\/image\/\",\"url\":\"https:\/\/www.travel2djibouti.com\/wp-content\/uploads\/2023\/06\/Massigo-Travel-Logo.png\",\"contentUrl\":\"https:\/\/www.travel2djibouti.com\/wp-content\/uploads\/2023\/06\/Massigo-Travel-Logo.png\",\"width\":308,\"height\":60,\"caption\":\"Massigo Travel\"},\"image\":{\"@id\":\"https:\/\/www.travel2djibouti.com\/#\/schema\/logo\/image\/\"}}]}<\/script>\n<!-- \/ Yoast SEO plugin. -->","yoast_head_json":{"title":"MOUSHA & Maskali islands - Massigo Travel - Djibouti Tour Packages","robots":{"index":"index","follow":"follow","max-snippet":"max-snippet:-1","max-image-preview":"max-image-preview:large","max-video-preview":"max-video-preview:-1"},"canonical":"https:\/\/www.travel2djibouti.com\/fr\/mousha-maskali-islands\/","og_locale":"fr_FR","og_type":"article","og_title":"MOUSHA & Maskali islands - Massigo Travel - Djibouti Tour Packages","og_description":"This picturesque island is known for its stunning marine life, pristine beaches, and breathtaking landscapes. Join us as we embark on a journey to discover the enchanting beauty of Mousha Island. A Marine Paradise Mousha Island is a haven for marine enthusiasts and nature lovers. Dive into the crystal-clear waters surrounding the island and witness","og_url":"https:\/\/www.travel2djibouti.com\/fr\/mousha-maskali-islands\/","og_site_name":"Massigo Travel","article_modified_time":"2023-07-28T05:52:56+00:00","twitter_card":"summary_large_image","twitter_misc":{"Dur\u00e9e de lecture estim\u00e9e":"2 minutes"},"schema":{"@context":"https:\/\/schema.org","@graph":[{"@type":"WebPage","@id":"https:\/\/www.travel2djibouti.com\/mousha-maskali-islands\/","url":"https:\/\/www.travel2djibouti.com\/mousha-maskali-islands\/","name":"MOUSHA & Maskali islands - Massigo Travel - Djibouti Tour Packages","isPartOf":{"@id":"https:\/\/www.travel2djibouti.com\/#website"},"datePublished":"2023-06-05T09:16:04+00:00","dateModified":"2023-07-28T05:52:56+00:00","inLanguage":"fr-FR","potentialAction":[{"@type":"ReadAction","target":["https:\/\/www.travel2djibouti.com\/mousha-maskali-islands\/"]}]},{"@type":"WebSite","@id":"https:\/\/www.travel2djibouti.com\/#website","url":"https:\/\/www.travel2djibouti.com\/","name":"Massigo Travel","description":"Best Tour \/Excursions Operator in Djibouti","publisher":{"@id":"https:\/\/www.travel2djibouti.com\/#organization"},"potentialAction":[{"@type":"SearchAction","target":{"@type":"EntryPoint","urlTemplate":"https:\/\/www.travel2djibouti.com\/?s={search_term_string}"},"query-input":{"@type":"PropertyValueSpecification","valueRequired":true,"valueName":"search_term_string"}}],"inLanguage":"fr-FR"},{"@type":"Organization","@id":"https:\/\/www.travel2djibouti.com\/#organization","name":"Massigo Travel","url":"https:\/\/www.travel2djibouti.com\/","logo":{"@type":"ImageObject","inLanguage":"fr-FR","@id":"https:\/\/www.travel2djibouti.com\/#\/schema\/logo\/image\/","url":"https:\/\/www.travel2djibouti.com\/wp-content\/uploads\/2023\/06\/Massigo-Travel-Logo.png","contentUrl":"https:\/\/www.travel2djibouti.com\/wp-content\/uploads\/2023\/06\/Massigo-Travel-Logo.png","width":308,"height":60,"caption":"Massigo Travel"},"image":{"@id":"https:\/\/www.travel2djibouti.com\/#\/schema\/logo\/image\/"}}]}},"_links":{"self":[{"href":"https:\/\/www.travel2djibouti.com\/fr\/wp-json\/wp\/v2\/pages\/1863","targetHints":{"allow":["GET"]}}],"collection":[{"href":"https:\/\/www.travel2djibouti.com\/fr\/wp-json\/wp\/v2\/pages"}],"about":[{"href":"https:\/\/www.travel2djibouti.com\/fr\/wp-json\/wp\/v2\/types\/page"}],"author":[{"embeddable":true,"href":"https:\/\/www.travel2djibouti.com\/fr\/wp-json\/wp\/v2\/users\/1"}],"replies":[{"embeddable":true,"href":"https:\/\/www.travel2djibouti.com\/fr\/wp-json\/wp\/v2\/comments?post=1863"}],"version-history":[{"count":0,"href":"https:\/\/www.travel2djibouti.com\/fr\/wp-json\/wp\/v2\/pages\/1863\/revisions"}],"wp:attachment":[{"href":"https:\/\/www.travel2djibouti.com\/fr\/wp-json\/wp\/v2\/media?parent=1863"}],"curies":[{"name":"wp","href":"https:\/\/api.w.org\/{rel}","templated":true}]}}