{"id":1860,"date":"2023-06-05T09:04:10","date_gmt":"2023-06-05T09:04:10","guid":{"rendered":"https:\/\/www.travel2djibouti.com\/?page_id=1860"},"modified":"2023-07-28T05:48:36","modified_gmt":"2023-07-28T05:48:36","slug":"djibouti-the-capital-city","status":"publish","type":"page","link":"https:\/\/www.travel2djibouti.com\/fr\/djibouti-the-capital-city\/","title":{"rendered":"Djibouti : la ville capitale"},"content":{"rendered":"<div data-elementor-type=\"wp-page\" data-elementor-id=\"1860\" class=\"elementor elementor-1860\">\n\t\t\t\t\t\t<section class=\"elementor-section elementor-top-section elementor-element elementor-element-41e88389 elementor-section-boxed elementor-section-height-default elementor-section-height-default\" data-id=\"41e88389\" data-element_type=\"section\" data-e-type=\"section\">\n\t\t\t\t\t\t<div class=\"elementor-container elementor-column-gap-default\">\n\t\t\t\t\t<div class=\"elementor-column elementor-col-100 elementor-top-column elementor-element elementor-element-69c8f8f6\" data-id=\"69c8f8f6\" data-element_type=\"column\" data-e-type=\"column\">\n\t\t\t<div class=\"elementor-widget-wrap elementor-element-populated\">\n\t\t\t\t\t\t<div class=\"elementor-element elementor-element-1883814d elementor-widget elementor-widget-text-editor\" data-id=\"1883814d\" data-element_type=\"widget\" data-e-type=\"widget\" data-widget_type=\"text-editor.default\">\n\t\t\t\t<div class=\"elementor-widget-container\">\n\t\t\t\t\t\t\t\t\t<h2><strong>D\u00e9couvrez le joyau cach\u00e9 de Djibouti <\/strong><strong>Djibouti : la ville capitale<\/strong><\/h2>\nBienvenue \u00e0 Djibouti-ville et jetons de plus pr\u00e8s un \u0153il sur les sp\u00e9cifications qui font de Djibouti-ville une destination incontournable.\nLa ville dynamique de Djibouti est \u00e0 la fois la capitale politique et \u00e9conomique du pays. Situ\u00e9e sur la fa\u00e7ade sud de l'entr\u00e9e du golf de Tadjourah et construite entre 1886 et 1900, la ville de Djibouti a h\u00e9rit\u00e9 d'un riche patrimoine culturel et architectural urbain m\u00ealant des influences venues d'Afrique, du Moyen-Orient et d'Europe. Cette ville anim\u00e9e offre :\n\n<strong>Un m\u00e9lange de monuments historiques<\/strong>: La ville de Djibouti est riche en histoire et pr\u00e9sente une gamme de merveilles architecturales qui refl\u00e8tent son pass\u00e9 et vous plongent dans son patrimoine fascinant.\nVisitez la mosqu\u00e9e Hamoudi, l'une des plus grandes mosqu\u00e9es de Djibouti. Son superbe minaret et ses conceptions complexes en font un joyau architectural. Prenez un moment pour observer le d\u00e9vouement de la communaut\u00e9 locale alors qu\u2019elle se rassemble pour la pri\u00e8re.\n\n<strong>Exp\u00e9riences culturelles<\/strong>\n\nLa ville de Djibouti offre une vari\u00e9t\u00e9 d'exp\u00e9riences culturelles qui donnent un aper\u00e7u du mode de vie et des traditions locales. Djibouti a toujours \u00e9t\u00e9 un lieu de brassage culturel, de creuset ethnique et, \u00ab terre de rencontre et d'\u00e9changes \u00bb, r\u00e9sultant du contact entre l'h\u00e9ritage nomade africain et abyssin, la p\u00e9ninsule arabique, les influences indiennes et ottomanes et la persistance des De culture europ\u00e9enne, la population a int\u00e9gr\u00e9 dans son ciment soci\u00e9tal les multiples h\u00e9ritages de ces civilisations globales.\nL'hospitalit\u00e9 de la population fait de Djibouti une terre de diversit\u00e9 incontournable.\n\n<strong>March\u00e9 central &amp; la gastronomie Djiboutienne <\/strong>\n\nExplorez le march\u00e9 central anim\u00e9, un lieu o\u00f9 les habitants se rassemblent pour acheter et vendre des marchandises. D\u00e9couvrez l'atmosph\u00e8re anim\u00e9e, parcourez une large gamme de produits et peut-\u00eatre m\u00eame achetez des souvenirs uniques \u00e0 emporter chez vous.\n\n<strong>Gastronomie<\/strong>\n\nLa gastronomie djiboutienne est un melting-pot culinaire. Inventive, audacieuse et enivrante, la cuisine djiboutienne s'illustre par la diversit\u00e9 des traditions culinaires dont elle est porteuse.\nLa gastronomie unique aux multiples saveurs a pris racine dans un riche patrimoine culinaire, teint\u00e9 d'horizons lointains.\nSavourez la cuisine locale en visitant les restaurants et les caf\u00e9s de la ville de Djibouti. D\u00e9gustez des plats traditionnels tels que le Skoudehkaris (riz \u00e9pic\u00e9 avec de la viande), le Fah-fah (rago\u00fbt \u00e9pic\u00e9) ou le Lahoh (pain semblable \u00e0 une cr\u00eape). Savourez les saveurs et d\u00e9couvrez les d\u00e9lices culinaires de la r\u00e9gion. aussi le moukbaza y\u00e9m\u00e9nite et ses poissons grill\u00e9s au four traditionnel sont utilis\u00e9s comme voleurs en foire avec les tibbs, baya-aaynat ou enjera.\nLa ville de Djibouti est une destination captivante qui allie histoire et culture. Que vous souhaitiez explorer des monuments historiques ou vous immerger dans des exp\u00e9riences culturelles, la ville de Djibouti a quelque chose pour tout le monde. Embarquez pour un voyage dans cette capitale dynamique et cr\u00e9ez des souvenirs inoubliables.\t\t\t\t\t\t\t\t<\/div>\n\t\t\t\t<\/div>\n\t\t\t\t\t<\/div>\n\t\t<\/div>\n\t\t\t\t\t<\/div>\n\t\t<\/section>\n\t\t\t\t<section class=\"elementor-section elementor-top-section elementor-element elementor-element-ea73289 elementor-section-boxed elementor-section-height-default elementor-section-height-default\" data-id=\"ea73289\" data-element_type=\"section\" data-e-type=\"section\">\n\t\t\t\t\t\t<div class=\"elementor-container elementor-column-gap-default\">\n\t\t\t\t\t<div class=\"elementor-column elementor-col-100 elementor-top-column elementor-element elementor-element-5fc89f3\" data-id=\"5fc89f3\" data-element_type=\"column\" data-e-type=\"column\">\n\t\t\t<div class=\"elementor-widget-wrap elementor-element-populated\">\n\t\t\t\t\t\t<div class=\"elementor-element elementor-element-ca4e201 elementor-widget elementor-widget-gallery\" data-id=\"ca4e201\" data-element_type=\"widget\" data-e-type=\"widget\" data-settings=\"{&quot;columns&quot;:3,&quot;lazyload&quot;:&quot;yes&quot;,&quot;gallery_layout&quot;:&quot;grid&quot;,&quot;columns_tablet&quot;:2,&quot;columns_mobile&quot;:1,&quot;gap&quot;:{&quot;unit&quot;:&quot;px&quot;,&quot;size&quot;:10,&quot;sizes&quot;:[]},&quot;gap_tablet&quot;:{&quot;unit&quot;:&quot;px&quot;,&quot;size&quot;:10,&quot;sizes&quot;:[]},&quot;gap_mobile&quot;:{&quot;unit&quot;:&quot;px&quot;,&quot;size&quot;:10,&quot;sizes&quot;:[]},&quot;link_to&quot;:&quot;file&quot;,&quot;aspect_ratio&quot;:&quot;3:2&quot;,&quot;overlay_background&quot;:&quot;yes&quot;,&quot;content_hover_animation&quot;:&quot;fade-in&quot;}\" data-widget_type=\"gallery.default\">\n\t\t\t\t<div class=\"elementor-widget-container\">\n\t\t\t\t\t\t\t<div class=\"elementor-gallery__container\">\n\t\t\t\t\t\t\t<a class=\"e-gallery-item elementor-gallery-item elementor-animated-content\" href=\"https:\/\/www.travel2djibouti.com\/wp-content\/uploads\/2023\/06\/Djibouti-city-whalshark-roundpoint.jpeg\" data-elementor-open-lightbox=\"yes\" data-elementor-lightbox-slideshow=\"all-ca4e201\" data-elementor-lightbox-title=\"Djibouti city whalshark roundpoint\" data-e-action-hash=\"#elementor-action%3Aaction%3Dlightbox%26settings%3DeyJpZCI6MjI0OCwidXJsIjoiaHR0cHM6XC9cL3d3dy50cmF2ZWwyZGppYm91dGkuY29tXC93cC1jb250ZW50XC91cGxvYWRzXC8yMDIzXC8wNlwvRGppYm91dGktY2l0eS13aGFsc2hhcmstcm91bmRwb2ludC5qcGVnIiwic2xpZGVzaG93IjoiYWxsLWNhNGUyMDEifQ%3D%3D\">\n\t\t\t\t\t<div class=\"e-gallery-image elementor-gallery-item__image\" data-thumbnail=\"https:\/\/www.travel2djibouti.com\/wp-content\/uploads\/2023\/06\/Djibouti-city-whalshark-roundpoint-225x300.jpeg\" data-width=\"225\" data-height=\"300\" alt=\"\" ><\/div>\n\t\t\t\t\t\t\t\t\t\t\t<div class=\"elementor-gallery-item__overlay\"><\/div>\n\t\t\t\t\t\t\t\t\t\t\t\t\t\t<\/a>\n\t\t\t\t\t\t\t<a class=\"e-gallery-item elementor-gallery-item elementor-animated-content\" href=\"https:\/\/www.travel2djibouti.com\/wp-content\/uploads\/2023\/06\/Djibouti-city-turkish-mosque.jpeg\" data-elementor-open-lightbox=\"yes\" data-elementor-lightbox-slideshow=\"all-ca4e201\" data-elementor-lightbox-title=\"Djibouti city turkish mosque\" data-e-action-hash=\"#elementor-action%3Aaction%3Dlightbox%26settings%3DeyJpZCI6MjI0NywidXJsIjoiaHR0cHM6XC9cL3d3dy50cmF2ZWwyZGppYm91dGkuY29tXC93cC1jb250ZW50XC91cGxvYWRzXC8yMDIzXC8wNlwvRGppYm91dGktY2l0eS10dXJraXNoLW1vc3F1ZS5qcGVnIiwic2xpZGVzaG93IjoiYWxsLWNhNGUyMDEifQ%3D%3D\">\n\t\t\t\t\t<div class=\"e-gallery-image elementor-gallery-item__image\" data-thumbnail=\"https:\/\/www.travel2djibouti.com\/wp-content\/uploads\/2023\/06\/Djibouti-city-turkish-mosque-300x231.jpeg\" data-width=\"300\" data-height=\"231\" alt=\"\" ><\/div>\n\t\t\t\t\t\t\t\t\t\t\t<div class=\"elementor-gallery-item__overlay\"><\/div>\n\t\t\t\t\t\t\t\t\t\t\t\t\t\t<\/a>\n\t\t\t\t\t\t\t<a class=\"e-gallery-item elementor-gallery-item elementor-animated-content\" href=\"https:\/\/www.travel2djibouti.com\/wp-content\/uploads\/2023\/06\/Djibouti-city-the-poste.jpeg\" data-elementor-open-lightbox=\"yes\" data-elementor-lightbox-slideshow=\"all-ca4e201\" data-elementor-lightbox-title=\"Djibouti city the poste\" data-e-action-hash=\"#elementor-action%3Aaction%3Dlightbox%26settings%3DeyJpZCI6MjI0NiwidXJsIjoiaHR0cHM6XC9cL3d3dy50cmF2ZWwyZGppYm91dGkuY29tXC93cC1jb250ZW50XC91cGxvYWRzXC8yMDIzXC8wNlwvRGppYm91dGktY2l0eS10aGUtcG9zdGUuanBlZyIsInNsaWRlc2hvdyI6ImFsbC1jYTRlMjAxIn0%3D\">\n\t\t\t\t\t<div class=\"e-gallery-image elementor-gallery-item__image\" data-thumbnail=\"https:\/\/www.travel2djibouti.com\/wp-content\/uploads\/2023\/06\/Djibouti-city-the-poste-300x225.jpeg\" data-width=\"300\" data-height=\"225\" alt=\"\" ><\/div>\n\t\t\t\t\t\t\t\t\t\t\t<div class=\"elementor-gallery-item__overlay\"><\/div>\n\t\t\t\t\t\t\t\t\t\t\t\t\t\t<\/a>\n\t\t\t\t\t\t\t<a class=\"e-gallery-item elementor-gallery-item elementor-animated-content\" href=\"https:\/\/www.travel2djibouti.com\/wp-content\/uploads\/2023\/06\/djibouti-city-khat-market.jpeg\" data-elementor-open-lightbox=\"yes\" data-elementor-lightbox-slideshow=\"all-ca4e201\" data-elementor-lightbox-title=\"djibouti city khat market\" data-e-action-hash=\"#elementor-action%3Aaction%3Dlightbox%26settings%3DeyJpZCI6MjI0NCwidXJsIjoiaHR0cHM6XC9cL3d3dy50cmF2ZWwyZGppYm91dGkuY29tXC93cC1jb250ZW50XC91cGxvYWRzXC8yMDIzXC8wNlwvZGppYm91dGktY2l0eS1raGF0LW1hcmtldC5qcGVnIiwic2xpZGVzaG93IjoiYWxsLWNhNGUyMDEifQ%3D%3D\">\n\t\t\t\t\t<div class=\"e-gallery-image elementor-gallery-item__image\" data-thumbnail=\"https:\/\/www.travel2djibouti.com\/wp-content\/uploads\/2023\/06\/djibouti-city-khat-market-300x225.jpeg\" data-width=\"300\" data-height=\"225\" alt=\"\" ><\/div>\n\t\t\t\t\t\t\t\t\t\t\t<div class=\"elementor-gallery-item__overlay\"><\/div>\n\t\t\t\t\t\t\t\t\t\t\t\t\t\t<\/a>\n\t\t\t\t\t\t\t<a class=\"e-gallery-item elementor-gallery-item elementor-animated-content\" href=\"https:\/\/www.travel2djibouti.com\/wp-content\/uploads\/2023\/06\/Djibouti-city-HAMOUDI-MOSQUE.jpeg\" data-elementor-open-lightbox=\"yes\" data-elementor-lightbox-slideshow=\"all-ca4e201\" data-elementor-lightbox-title=\"Djibouti city HAMOUDI MOSQUE\" data-e-action-hash=\"#elementor-action%3Aaction%3Dlightbox%26settings%3DeyJpZCI6MjI0MywidXJsIjoiaHR0cHM6XC9cL3d3dy50cmF2ZWwyZGppYm91dGkuY29tXC93cC1jb250ZW50XC91cGxvYWRzXC8yMDIzXC8wNlwvRGppYm91dGktY2l0eS1IQU1PVURJLU1PU1FVRS5qcGVnIiwic2xpZGVzaG93IjoiYWxsLWNhNGUyMDEifQ%3D%3D\">\n\t\t\t\t\t<div class=\"e-gallery-image elementor-gallery-item__image\" data-thumbnail=\"https:\/\/www.travel2djibouti.com\/wp-content\/uploads\/2023\/06\/Djibouti-city-HAMOUDI-MOSQUE-300x179.jpeg\" data-width=\"300\" data-height=\"179\" alt=\"\" ><\/div>\n\t\t\t\t\t\t\t\t\t\t\t<div class=\"elementor-gallery-item__overlay\"><\/div>\n\t\t\t\t\t\t\t\t\t\t\t\t\t\t<\/a>\n\t\t\t\t\t\t\t<a class=\"e-gallery-item elementor-gallery-item elementor-animated-content\" href=\"https:\/\/www.travel2djibouti.com\/wp-content\/uploads\/2023\/06\/Djibouti-city-GHANDI.jpeg\" data-elementor-open-lightbox=\"yes\" data-elementor-lightbox-slideshow=\"all-ca4e201\" data-elementor-lightbox-title=\"Djibouti city GHANDI\" data-e-action-hash=\"#elementor-action%3Aaction%3Dlightbox%26settings%3DeyJpZCI6MjI0MiwidXJsIjoiaHR0cHM6XC9cL3d3dy50cmF2ZWwyZGppYm91dGkuY29tXC93cC1jb250ZW50XC91cGxvYWRzXC8yMDIzXC8wNlwvRGppYm91dGktY2l0eS1HSEFOREkuanBlZyIsInNsaWRlc2hvdyI6ImFsbC1jYTRlMjAxIn0%3D\">\n\t\t\t\t\t<div class=\"e-gallery-image elementor-gallery-item__image\" data-thumbnail=\"https:\/\/www.travel2djibouti.com\/wp-content\/uploads\/2023\/06\/Djibouti-city-GHANDI-225x300.jpeg\" data-width=\"225\" data-height=\"300\" alt=\"\" ><\/div>\n\t\t\t\t\t\t\t\t\t\t\t<div class=\"elementor-gallery-item__overlay\"><\/div>\n\t\t\t\t\t\t\t\t\t\t\t\t\t\t<\/a>\n\t\t\t\t\t<\/div>\n\t\t\t\t\t<\/div>\n\t\t\t\t<\/div>\n\t\t\t\t\t<\/div>\n\t\t<\/div>\n\t\t\t\t\t<\/div>\n\t\t<\/section>\n\t\t\t\t<\/div>","protected":false},"excerpt":{"rendered":"<p>Discover the hidden gem of Djibouti , Djibouti the capital city Welcome to Djibouti City &amp; Let\u2019s take a closer look at the attractions that make Djibouti City a must-visit destination. The vibrant town of Djibouti is at the same time the political and economic capital of the country. \u00a0Located on the southern facade of<\/p>","protected":false},"author":1,"featured_media":0,"parent":0,"menu_order":0,"comment_status":"closed","ping_status":"closed","template":"","meta":{"_acf_changed":false,"dwc-title":[],"dwc-content":[],"inline_featured_image":false,"_monsterinsights_skip_tracking":false,"_monsterinsights_sitenote_active":false,"_monsterinsights_sitenote_note":"","_monsterinsights_sitenote_category":0,"footnotes":""},"class_list":["post-1860","page","type-page","status-publish","hentry"],"acf":[],"yoast_head":"<!-- This site is optimized with the Yoast SEO plugin v27.2 - https:\/\/yoast.com\/product\/yoast-seo-wordpress\/ -->\n<title>Djibouti the capital city - Massigo Travel - Djibouti Tour Packages<\/title>\n<meta name=\"robots\" content=\"index, follow, max-snippet:-1, max-image-preview:large, max-video-preview:-1\" \/>\n<link rel=\"canonical\" href=\"https:\/\/www.travel2djibouti.com\/fr\/djibouti-the-capital-city\/\" \/>\n<meta property=\"og:locale\" content=\"fr_FR\" \/>\n<meta property=\"og:type\" content=\"article\" \/>\n<meta property=\"og:title\" content=\"Djibouti the capital city - Massigo Travel - Djibouti Tour Packages\" \/>\n<meta property=\"og:description\" content=\"Discover the hidden gem of Djibouti , Djibouti the capital city Welcome to Djibouti City &amp; Let\u2019s take a closer look at the attractions that make Djibouti City a must-visit destination. The vibrant town of Djibouti is at the same time the political and economic capital of the country. \u00a0Located on the southern facade of\" \/>\n<meta property=\"og:url\" content=\"https:\/\/www.travel2djibouti.com\/fr\/djibouti-the-capital-city\/\" \/>\n<meta property=\"og:site_name\" content=\"Massigo Travel\" \/>\n<meta property=\"article:modified_time\" content=\"2023-07-28T05:48:36+00:00\" \/>\n<meta name=\"twitter:card\" content=\"summary_large_image\" \/>\n<meta name=\"twitter:label1\" content=\"Dur\u00e9e de lecture estim\u00e9e\" \/>\n\t<meta name=\"twitter:data1\" content=\"2 minutes\" \/>\n<script type=\"application\/ld+json\" class=\"yoast-schema-graph\">{\"@context\":\"https:\/\/schema.org\",\"@graph\":[{\"@type\":\"WebPage\",\"@id\":\"https:\/\/www.travel2djibouti.com\/djibouti-the-capital-city\/\",\"url\":\"https:\/\/www.travel2djibouti.com\/djibouti-the-capital-city\/\",\"name\":\"Djibouti the capital city - Massigo Travel - Djibouti Tour Packages\",\"isPartOf\":{\"@id\":\"https:\/\/www.travel2djibouti.com\/#website\"},\"datePublished\":\"2023-06-05T09:04:10+00:00\",\"dateModified\":\"2023-07-28T05:48:36+00:00\",\"inLanguage\":\"fr-FR\",\"potentialAction\":[{\"@type\":\"ReadAction\",\"target\":[\"https:\/\/www.travel2djibouti.com\/djibouti-the-capital-city\/\"]}]},{\"@type\":\"WebSite\",\"@id\":\"https:\/\/www.travel2djibouti.com\/#website\",\"url\":\"https:\/\/www.travel2djibouti.com\/\",\"name\":\"Massigo Travel\",\"description\":\"Best Tour \/Excursions Operator in Djibouti\",\"publisher\":{\"@id\":\"https:\/\/www.travel2djibouti.com\/#organization\"},\"potentialAction\":[{\"@type\":\"SearchAction\",\"target\":{\"@type\":\"EntryPoint\",\"urlTemplate\":\"https:\/\/www.travel2djibouti.com\/?s={search_term_string}\"},\"query-input\":{\"@type\":\"PropertyValueSpecification\",\"valueRequired\":true,\"valueName\":\"search_term_string\"}}],\"inLanguage\":\"fr-FR\"},{\"@type\":\"Organization\",\"@id\":\"https:\/\/www.travel2djibouti.com\/#organization\",\"name\":\"Massigo Travel\",\"url\":\"https:\/\/www.travel2djibouti.com\/\",\"logo\":{\"@type\":\"ImageObject\",\"inLanguage\":\"fr-FR\",\"@id\":\"https:\/\/www.travel2djibouti.com\/#\/schema\/logo\/image\/\",\"url\":\"https:\/\/www.travel2djibouti.com\/wp-content\/uploads\/2023\/06\/Massigo-Travel-Logo.png\",\"contentUrl\":\"https:\/\/www.travel2djibouti.com\/wp-content\/uploads\/2023\/06\/Massigo-Travel-Logo.png\",\"width\":308,\"height\":60,\"caption\":\"Massigo Travel\"},\"image\":{\"@id\":\"https:\/\/www.travel2djibouti.com\/#\/schema\/logo\/image\/\"}}]}<\/script>\n<!-- \/ Yoast SEO plugin. -->","yoast_head_json":{"title":"Djibouti the capital city - Massigo Travel - Djibouti Tour Packages","robots":{"index":"index","follow":"follow","max-snippet":"max-snippet:-1","max-image-preview":"max-image-preview:large","max-video-preview":"max-video-preview:-1"},"canonical":"https:\/\/www.travel2djibouti.com\/fr\/djibouti-the-capital-city\/","og_locale":"fr_FR","og_type":"article","og_title":"Djibouti the capital city - Massigo Travel - Djibouti Tour Packages","og_description":"Discover the hidden gem of Djibouti , Djibouti the capital city Welcome to Djibouti City &amp; Let\u2019s take a closer look at the attractions that make Djibouti City a must-visit destination. The vibrant town of Djibouti is at the same time the political and economic capital of the country. \u00a0Located on the southern facade of","og_url":"https:\/\/www.travel2djibouti.com\/fr\/djibouti-the-capital-city\/","og_site_name":"Massigo Travel","article_modified_time":"2023-07-28T05:48:36+00:00","twitter_card":"summary_large_image","twitter_misc":{"Dur\u00e9e de lecture estim\u00e9e":"2 minutes"},"schema":{"@context":"https:\/\/schema.org","@graph":[{"@type":"WebPage","@id":"https:\/\/www.travel2djibouti.com\/djibouti-the-capital-city\/","url":"https:\/\/www.travel2djibouti.com\/djibouti-the-capital-city\/","name":"Djibouti the capital city - Massigo Travel - Djibouti Tour Packages","isPartOf":{"@id":"https:\/\/www.travel2djibouti.com\/#website"},"datePublished":"2023-06-05T09:04:10+00:00","dateModified":"2023-07-28T05:48:36+00:00","inLanguage":"fr-FR","potentialAction":[{"@type":"ReadAction","target":["https:\/\/www.travel2djibouti.com\/djibouti-the-capital-city\/"]}]},{"@type":"WebSite","@id":"https:\/\/www.travel2djibouti.com\/#website","url":"https:\/\/www.travel2djibouti.com\/","name":"Massigo Travel","description":"Best Tour \/Excursions Operator in Djibouti","publisher":{"@id":"https:\/\/www.travel2djibouti.com\/#organization"},"potentialAction":[{"@type":"SearchAction","target":{"@type":"EntryPoint","urlTemplate":"https:\/\/www.travel2djibouti.com\/?s={search_term_string}"},"query-input":{"@type":"PropertyValueSpecification","valueRequired":true,"valueName":"search_term_string"}}],"inLanguage":"fr-FR"},{"@type":"Organization","@id":"https:\/\/www.travel2djibouti.com\/#organization","name":"Massigo Travel","url":"https:\/\/www.travel2djibouti.com\/","logo":{"@type":"ImageObject","inLanguage":"fr-FR","@id":"https:\/\/www.travel2djibouti.com\/#\/schema\/logo\/image\/","url":"https:\/\/www.travel2djibouti.com\/wp-content\/uploads\/2023\/06\/Massigo-Travel-Logo.png","contentUrl":"https:\/\/www.travel2djibouti.com\/wp-content\/uploads\/2023\/06\/Massigo-Travel-Logo.png","width":308,"height":60,"caption":"Massigo Travel"},"image":{"@id":"https:\/\/www.travel2djibouti.com\/#\/schema\/logo\/image\/"}}]}},"_links":{"self":[{"href":"https:\/\/www.travel2djibouti.com\/fr\/wp-json\/wp\/v2\/pages\/1860","targetHints":{"allow":["GET"]}}],"collection":[{"href":"https:\/\/www.travel2djibouti.com\/fr\/wp-json\/wp\/v2\/pages"}],"about":[{"href":"https:\/\/www.travel2djibouti.com\/fr\/wp-json\/wp\/v2\/types\/page"}],"author":[{"embeddable":true,"href":"https:\/\/www.travel2djibouti.com\/fr\/wp-json\/wp\/v2\/users\/1"}],"replies":[{"embeddable":true,"href":"https:\/\/www.travel2djibouti.com\/fr\/wp-json\/wp\/v2\/comments?post=1860"}],"version-history":[{"count":0,"href":"https:\/\/www.travel2djibouti.com\/fr\/wp-json\/wp\/v2\/pages\/1860\/revisions"}],"wp:attachment":[{"href":"https:\/\/www.travel2djibouti.com\/fr\/wp-json\/wp\/v2\/media?parent=1860"}],"curies":[{"name":"wp","href":"https:\/\/api.w.org\/{rel}","templated":true}]}}