{"id":1615,"date":"2023-06-02T19:08:28","date_gmt":"2023-06-02T19:08:28","guid":{"rendered":"https:\/\/www.travel2djibouti.com\/?page_id=1615"},"modified":"2023-07-28T05:01:30","modified_gmt":"2023-07-28T05:01:30","slug":"visa-updates-covid-updates","status":"publish","type":"page","link":"https:\/\/www.travel2djibouti.com\/fr\/visa-updates-covid-updates\/","title":{"rendered":"Mises \u00e0 jour Visa &amp; COVID19"},"content":{"rendered":"<p><strong>Mises \u00e0 jour COVID19 \u00e0 DJIBOUTI <\/strong><\/p>\n<p>Notre \u00e9quipe vous tiendra au courant de la mise \u00e0 jour Covid-19 de tous les derniers d\u00e9veloppements\u00a0les destinations suivantes sont desservies\u00a0: Somaliland, Djibouti.<\/p>\n<p>Il est important de noter que les politiques covid de chaque pays diff\u00e8rent, alors veuillez me faire savoir sur laquelle vous souhaitez plus d'informations. Vous pouvez nous demander par email :<\/p>\n<p>\u00c0 info@travel2djibouti.com, via WhatsApp ou en remplissant le formulaire de demande ci-dessous.<\/p>\n<p>Vous recevrez alors les informations les plus r\u00e9centes.<\/p>\n<p>&nbsp;<\/p>\n<p><strong>Mises \u00e0 jour serices de VISA<\/strong><\/p>\n<p>Il est important de se tenir au courant de toutes les derni\u00e8res politiques et exigences en mati\u00e8re de visas concernant DJIBOUTI et jibouti est desservi par MASSIGOTRAVEL<\/p>\n<p>Nous devons garder \u00e0 l'esprit que les politiques et exigences en mati\u00e8re de visa dans chaque pays sont diff\u00e9rentes. Nous aimerions donc savoir sur lequel vous souhaitez plus d'informations afin que je puisse vous fournir des informations plus sp\u00e9cifiques.<\/p>\n<p>N'h\u00e9sitez pas \u00e0 nous poser des questions par e-mail \u00e0 info@travel2djibouti.com, via WhatsApp ou en remplissant le formulaire de demande ci-dessous. Les informations les plus r\u00e9centes vous seront alors transmises.<\/p>\n<p><strong>\u00a0<\/strong><\/p>","protected":false},"excerpt":{"rendered":"<p>DJIBOUTI COVID19 UPDATES: Our team will keep you informed on about Covid-19 Update all the latest developments\u00a0the following destinations are served: Somaliland, Djibouti. It is important to note that the covid policies in each countries differ, so please let me know which one you would like more information about. You can ask us via email:<\/p>","protected":false},"author":1,"featured_media":0,"parent":0,"menu_order":0,"comment_status":"closed","ping_status":"closed","template":"","meta":{"_acf_changed":false,"dwc-title":[],"dwc-content":[],"inline_featured_image":false,"_monsterinsights_skip_tracking":false,"_monsterinsights_sitenote_active":false,"_monsterinsights_sitenote_note":"","_monsterinsights_sitenote_category":0,"footnotes":""},"class_list":["post-1615","page","type-page","status-publish","hentry"],"acf":[],"yoast_head":"<!-- This site is optimized with the Yoast SEO plugin v27.2 - https:\/\/yoast.com\/product\/yoast-seo-wordpress\/ -->\n<title>Visa Updates &amp; COVID Updates - Massigo Travel - Djibouti Tour Packages<\/title>\n<meta name=\"robots\" content=\"index, follow, max-snippet:-1, max-image-preview:large, max-video-preview:-1\" \/>\n<link rel=\"canonical\" href=\"https:\/\/www.travel2djibouti.com\/fr\/visa-updates-covid-updates\/\" \/>\n<meta property=\"og:locale\" content=\"fr_FR\" \/>\n<meta property=\"og:type\" content=\"article\" \/>\n<meta property=\"og:title\" content=\"Visa Updates &amp; COVID Updates - Massigo Travel - Djibouti Tour Packages\" \/>\n<meta property=\"og:description\" content=\"DJIBOUTI COVID19 UPDATES: Our team will keep you informed on about Covid-19 Update all the latest developments\u00a0the following destinations are served: Somaliland, Djibouti. It is important to note that the covid policies in each countries differ, so please let me know which one you would like more information about. You can ask us via email:\" \/>\n<meta property=\"og:url\" content=\"https:\/\/www.travel2djibouti.com\/fr\/visa-updates-covid-updates\/\" \/>\n<meta property=\"og:site_name\" content=\"Massigo Travel\" \/>\n<meta property=\"article:modified_time\" content=\"2023-07-28T05:01:30+00:00\" \/>\n<meta name=\"twitter:card\" content=\"summary_large_image\" \/>\n<meta name=\"twitter:label1\" content=\"Dur\u00e9e de lecture estim\u00e9e\" \/>\n\t<meta name=\"twitter:data1\" content=\"1 minute\" \/>\n<script type=\"application\/ld+json\" class=\"yoast-schema-graph\">{\"@context\":\"https:\/\/schema.org\",\"@graph\":[{\"@type\":\"WebPage\",\"@id\":\"https:\/\/www.travel2djibouti.com\/visa-updates-covid-updates\/\",\"url\":\"https:\/\/www.travel2djibouti.com\/visa-updates-covid-updates\/\",\"name\":\"Visa Updates & COVID Updates - Massigo Travel - Djibouti Tour Packages\",\"isPartOf\":{\"@id\":\"https:\/\/www.travel2djibouti.com\/#website\"},\"datePublished\":\"2023-06-02T19:08:28+00:00\",\"dateModified\":\"2023-07-28T05:01:30+00:00\",\"inLanguage\":\"fr-FR\",\"potentialAction\":[{\"@type\":\"ReadAction\",\"target\":[\"https:\/\/www.travel2djibouti.com\/visa-updates-covid-updates\/\"]}]},{\"@type\":\"WebSite\",\"@id\":\"https:\/\/www.travel2djibouti.com\/#website\",\"url\":\"https:\/\/www.travel2djibouti.com\/\",\"name\":\"Massigo Travel\",\"description\":\"Best Tour \/Excursions Operator in Djibouti\",\"publisher\":{\"@id\":\"https:\/\/www.travel2djibouti.com\/#organization\"},\"potentialAction\":[{\"@type\":\"SearchAction\",\"target\":{\"@type\":\"EntryPoint\",\"urlTemplate\":\"https:\/\/www.travel2djibouti.com\/?s={search_term_string}\"},\"query-input\":{\"@type\":\"PropertyValueSpecification\",\"valueRequired\":true,\"valueName\":\"search_term_string\"}}],\"inLanguage\":\"fr-FR\"},{\"@type\":\"Organization\",\"@id\":\"https:\/\/www.travel2djibouti.com\/#organization\",\"name\":\"Massigo Travel\",\"url\":\"https:\/\/www.travel2djibouti.com\/\",\"logo\":{\"@type\":\"ImageObject\",\"inLanguage\":\"fr-FR\",\"@id\":\"https:\/\/www.travel2djibouti.com\/#\/schema\/logo\/image\/\",\"url\":\"https:\/\/www.travel2djibouti.com\/wp-content\/uploads\/2023\/06\/Massigo-Travel-Logo.png\",\"contentUrl\":\"https:\/\/www.travel2djibouti.com\/wp-content\/uploads\/2023\/06\/Massigo-Travel-Logo.png\",\"width\":308,\"height\":60,\"caption\":\"Massigo Travel\"},\"image\":{\"@id\":\"https:\/\/www.travel2djibouti.com\/#\/schema\/logo\/image\/\"}}]}<\/script>\n<!-- \/ Yoast SEO plugin. -->","yoast_head_json":{"title":"Visa Updates & COVID Updates - Massigo Travel - Djibouti Tour Packages","robots":{"index":"index","follow":"follow","max-snippet":"max-snippet:-1","max-image-preview":"max-image-preview:large","max-video-preview":"max-video-preview:-1"},"canonical":"https:\/\/www.travel2djibouti.com\/fr\/visa-updates-covid-updates\/","og_locale":"fr_FR","og_type":"article","og_title":"Visa Updates & COVID Updates - Massigo Travel - Djibouti Tour Packages","og_description":"DJIBOUTI COVID19 UPDATES: Our team will keep you informed on about Covid-19 Update all the latest developments\u00a0the following destinations are served: Somaliland, Djibouti. It is important to note that the covid policies in each countries differ, so please let me know which one you would like more information about. You can ask us via email:","og_url":"https:\/\/www.travel2djibouti.com\/fr\/visa-updates-covid-updates\/","og_site_name":"Massigo Travel","article_modified_time":"2023-07-28T05:01:30+00:00","twitter_card":"summary_large_image","twitter_misc":{"Dur\u00e9e de lecture estim\u00e9e":"1 minute"},"schema":{"@context":"https:\/\/schema.org","@graph":[{"@type":"WebPage","@id":"https:\/\/www.travel2djibouti.com\/visa-updates-covid-updates\/","url":"https:\/\/www.travel2djibouti.com\/visa-updates-covid-updates\/","name":"Visa Updates & COVID Updates - Massigo Travel - Djibouti Tour Packages","isPartOf":{"@id":"https:\/\/www.travel2djibouti.com\/#website"},"datePublished":"2023-06-02T19:08:28+00:00","dateModified":"2023-07-28T05:01:30+00:00","inLanguage":"fr-FR","potentialAction":[{"@type":"ReadAction","target":["https:\/\/www.travel2djibouti.com\/visa-updates-covid-updates\/"]}]},{"@type":"WebSite","@id":"https:\/\/www.travel2djibouti.com\/#website","url":"https:\/\/www.travel2djibouti.com\/","name":"Massigo Travel","description":"Best Tour \/Excursions Operator in Djibouti","publisher":{"@id":"https:\/\/www.travel2djibouti.com\/#organization"},"potentialAction":[{"@type":"SearchAction","target":{"@type":"EntryPoint","urlTemplate":"https:\/\/www.travel2djibouti.com\/?s={search_term_string}"},"query-input":{"@type":"PropertyValueSpecification","valueRequired":true,"valueName":"search_term_string"}}],"inLanguage":"fr-FR"},{"@type":"Organization","@id":"https:\/\/www.travel2djibouti.com\/#organization","name":"Massigo Travel","url":"https:\/\/www.travel2djibouti.com\/","logo":{"@type":"ImageObject","inLanguage":"fr-FR","@id":"https:\/\/www.travel2djibouti.com\/#\/schema\/logo\/image\/","url":"https:\/\/www.travel2djibouti.com\/wp-content\/uploads\/2023\/06\/Massigo-Travel-Logo.png","contentUrl":"https:\/\/www.travel2djibouti.com\/wp-content\/uploads\/2023\/06\/Massigo-Travel-Logo.png","width":308,"height":60,"caption":"Massigo Travel"},"image":{"@id":"https:\/\/www.travel2djibouti.com\/#\/schema\/logo\/image\/"}}]}},"_links":{"self":[{"href":"https:\/\/www.travel2djibouti.com\/fr\/wp-json\/wp\/v2\/pages\/1615","targetHints":{"allow":["GET"]}}],"collection":[{"href":"https:\/\/www.travel2djibouti.com\/fr\/wp-json\/wp\/v2\/pages"}],"about":[{"href":"https:\/\/www.travel2djibouti.com\/fr\/wp-json\/wp\/v2\/types\/page"}],"author":[{"embeddable":true,"href":"https:\/\/www.travel2djibouti.com\/fr\/wp-json\/wp\/v2\/users\/1"}],"replies":[{"embeddable":true,"href":"https:\/\/www.travel2djibouti.com\/fr\/wp-json\/wp\/v2\/comments?post=1615"}],"version-history":[{"count":0,"href":"https:\/\/www.travel2djibouti.com\/fr\/wp-json\/wp\/v2\/pages\/1615\/revisions"}],"wp:attachment":[{"href":"https:\/\/www.travel2djibouti.com\/fr\/wp-json\/wp\/v2\/media?parent=1615"}],"curies":[{"name":"wp","href":"https:\/\/api.w.org\/{rel}","templated":true}]}}